{"id":97,"date":"2014-04-30T03:57:07","date_gmt":"2014-04-30T03:57:07","guid":{"rendered":"http:\/\/elarcainc.org\/?page_id=97"},"modified":"2014-09-22T09:22:47","modified_gmt":"2014-09-22T16:22:47","slug":"adult-day-support-center","status":"publish","type":"page","link":"https:\/\/elarcainc.org\/es\/programs\/adult-day-support-center\/","title":{"rendered":"Centro de Apoyo Diurno para Adultos"},"content":{"rendered":"<p>En el centro de los programas de EL ARCA, el Centro de Apoyo Diurno para Adultos (ADSC) proporciona servicios a adultos con discapacidades de desarrollo severamente profundas que no est\u00e1n listos para los centros de actividad laboral, talleres protegidos o de otros programas de d\u00eda en curso.<\/p>\n<p>El ADSC gu\u00eda a los clientes en la socializaci\u00f3n, las habilidades fundamentales de la vida, educaci\u00f3n especial, desarrollo motor, la integraci\u00f3n comunitaria, la capacitaci\u00f3n pre-vocacional, recreaci\u00f3n y habilidades de ocio.<\/p>\n<p>Algunos de los servicios que ofrecemos a trav\u00e9s de ADSC incluyen:<\/p>\n<h3>\u2022 Terapia de habilidades motoras<\/h3>\n<h3>\u2022 Las actividades que construyen la vida diaria, habilidades sociales y de recreaci\u00f3n<\/h3>\n<h3>\u2022 salidas comunitarias<\/h3>\n<h3>\u2022 instrucci\u00f3n cultural, incluyendo la danza y la m\u00fasica, as\u00ed como las artes y la artesan\u00eda.<\/h3>\n<p><\/p>","protected":false},"excerpt":{"rendered":"<p>En el centro de los programas de EL ARCA, el Centro de Apoyo Diurno para Adultos (ADSC) proporciona servicios a adultos con discapacidades de desarrollo severamente profundas que no est\u00e1n listos para los centros de actividad laboral, talleres protegidos o &hellip; <a href=\"https:\/\/elarcainc.org\/es\/programs\/adult-day-support-center\/\"> Continue reading <span class=\"meta-nav\">&rarr;<\/span><\/a><\/p>\n","protected":false},"author":1,"featured_media":0,"parent":12,"menu_order":0,"comment_status":"open","ping_status":"open","template":"","meta":{"_acf_changed":false,"nf_dc_page":"","_monsterinsights_skip_tracking":false,"_monsterinsights_sitenote_active":false,"_monsterinsights_sitenote_note":"","_monsterinsights_sitenote_category":0,"footnotes":""},"class_list":["post-97","page","type-page","status-publish","hentry"],"acf":[],"_links":{"self":[{"href":"https:\/\/elarcainc.org\/es\/wp-json\/wp\/v2\/pages\/97","targetHints":{"allow":["GET"]}}],"collection":[{"href":"https:\/\/elarcainc.org\/es\/wp-json\/wp\/v2\/pages"}],"about":[{"href":"https:\/\/elarcainc.org\/es\/wp-json\/wp\/v2\/types\/page"}],"author":[{"embeddable":true,"href":"https:\/\/elarcainc.org\/es\/wp-json\/wp\/v2\/users\/1"}],"replies":[{"embeddable":true,"href":"https:\/\/elarcainc.org\/es\/wp-json\/wp\/v2\/comments?post=97"}],"version-history":[{"count":6,"href":"https:\/\/elarcainc.org\/es\/wp-json\/wp\/v2\/pages\/97\/revisions"}],"predecessor-version":[{"id":897,"href":"https:\/\/elarcainc.org\/es\/wp-json\/wp\/v2\/pages\/97\/revisions\/897"}],"up":[{"embeddable":true,"href":"https:\/\/elarcainc.org\/es\/wp-json\/wp\/v2\/pages\/12"}],"wp:attachment":[{"href":"https:\/\/elarcainc.org\/es\/wp-json\/wp\/v2\/media?parent=97"}],"curies":[{"name":"wp","href":"https:\/\/api.w.org\/{rel}","templated":true}]}}