{"id":38,"date":"2014-04-22T18:42:32","date_gmt":"2014-04-22T18:42:32","guid":{"rendered":"http:\/\/elarcainc.org\/?page_id=38"},"modified":"2014-06-13T12:39:16","modified_gmt":"2014-06-13T19:39:16","slug":"press","status":"publish","type":"page","link":"https:\/\/elarcainc.org\/es\/about-us\/press\/","title":{"rendered":"Prensa"},"content":{"rendered":"<p><span class=\"hps\">Como<\/span> <span class=\"hps\">una organizaci\u00f3n no lucrativa<\/span>, EL <span class=\"hps\">ARCA<\/span> <span class=\"hps\">se basa en<\/span> <span class=\"hps\">la comunidad<\/span> <span class=\"hps\">para la financiaci\u00f3n<\/span>, los voluntarios <span class=\"hps\">y<\/span> <span class=\"hps\">el<\/span> <span class=\"hps\">incre\u00edble<\/span> <span class=\"hps\">boca a boca<\/span> <span class=\"hps\">que s\u00f3lo las<\/span> <span class=\"hps\">apariciones en prensa<\/span> <span class=\"hps\">nos dan<\/span>. <span class=\"hps\">Cada<\/span> <span class=\"hps\">d\u00eda<\/span> <span class=\"hps\">algo maravilloso est\u00e1<\/span> <span class=\"hps\">sucediendo en<\/span> <span class=\"hps\">EL<\/span> <span class=\"hps\">ARCA<\/span>, <span class=\"hps\">y queremos<\/span> <span class=\"hps\">compartir<\/span> <span class=\"hps\">esas historias<\/span> <span class=\"hps\">con la regi\u00f3n<\/span> <span class=\"hps\">metropolitana de Los<\/span> <span class=\"hps\">Angeles.<\/span><\/p>\n<p><span class=\"hps\">Si usted es un<\/span> <span class=\"hps\">reportero o editor<\/span> <span class=\"hps\">en busca de historias<\/span> <span class=\"hps\">que introducir\u00e1n<\/span> <span class=\"hps\">a su p\u00fablico a<\/span> <span class=\"hps\">una gran causa<\/span>, por favor <span class=\"hps\">env\u00edenos un <a href=\"mailto:elarcainc@earthlink.net\">correo electr\u00f3nico<\/a><\/span>.<\/p>\n<p><span class=\"hps\">Estas son algunas de<\/span> <span class=\"hps\">nuestras<\/span> <span class=\"hps\">apariciones en prensa<\/span>:<\/p>\n<p><span title=\"CBAS PROGRAM APPROVED AT EL ARCA, INC. \"><strong>PROGRAMA CBAS APROBADA EN EL ARCA, INC<\/strong><\/span><\/p>\n<p><span title=\"Los Angeles, CA\u2014April 2012, EL ARCA, Inc. is proud to announce that it has received approval from the Department of Aging and the Department of Health Care Services to open a Community Based Adult Services (CBAS) program at its multipurpose center,\">Los Angeles, CA-Abril 2012, EL ARCA, Inc. se enorgullece en anunciar que ha recibido la aprobaci\u00f3n del Departamento de la\u00a0Edad y el Departamento de Servicios de Salud para abrir un programa basado en Servicios para Adultos en la Communidd (CBAS) en su centro de usos m\u00faltiples, <\/span><span title=\"located at 3839 Selig Place effective April 1, 2012. \u00a0\">ubicado en 3839 Selig Place el 1 de Abril de 2012.<\/span><\/p>\n<p><span title=\"The CBAS program is the State replacement for the Adult Day Health Care (ADHC) centers, which were eliminated by the state legislature last year.\">El programa CBAS es la sustituci\u00f3n del Estado para el Centros de d\u00eda para adultos y Cuidados de la Salud (ADHC) , que fueron eliminadas por la legislatura estatal el a\u00f1o pasado. <\/span><span title=\"As a result of a settlement agreement on behalf of more than 35,000 ADHC participants, the State of California instituted the CBAS program to make sure that the frailest and most vulnerable ADHC participants would continue to receive needed services. \u00a0\">Como resultado de un acuerdo de transacci\u00f3n en nombre de m\u00e1s de 35,000 participantes de ADHC, el Estado de California instituy\u00f3 el programa CBAS para asegurarse de que los participantes m\u00e1s fr\u00e1giles y vulnerables continuar\u00edan recibiendo los servicios necesarios.<\/span><\/p>\n<p><span title=\"The CBAS program will benefit seniors and developmentally disabled adults with medical concerns by providing them nursing care and therapeutic activities at the program site.\">El programa CBAS beneficia\u00a0a personas\u00a0de la tercera edad y adultos con discapacidades de desarrollo con problemas m\u00e9dicos, proporcion\u00e1ndoles cuidados de enfermer\u00eda y actividades terap\u00e9uticas en el sitio del programa. <\/span><span title=\"In addition, physical, occupational and speech therapy services will be provided as needed and according to the individualized plan of care.\">Adem\u00e1s, se proporcionar\u00e1n los servicios de terapia f\u00edsica, ocupacional y del habla, seg\u00fan sea necesario y de acuerdo con el plan individualizado de atenci\u00f3n. <\/span><span title=\"EL ARCA will also be providing reliable transportation to and from home in addition to a hot meal every day. \u00a0\">EL ARCA tambi\u00e9n proporcionar\u00e1 transporte confiable hacia y desde casa, adem\u00e1s de una comida caliente todos los d\u00edas.<\/span><\/p>\n<p><span title=\"If you would like more information about the CBAS program or would like to tour our facilities, please contact us at 323-223-3079.\">Si desea obtener m\u00e1s informaci\u00f3n sobre el programa CBAS o quisiera visitar nuestras instalaciones, por favor contactese con nosotros al 323-223-3079.<\/span><\/p>","protected":false},"excerpt":{"rendered":"<p>Como una organizaci\u00f3n no lucrativa, EL ARCA se basa en la comunidad para la financiaci\u00f3n, los voluntarios y el incre\u00edble boca a boca que s\u00f3lo las apariciones en prensa nos dan. Cada d\u00eda algo maravilloso est\u00e1 sucediendo en EL ARCA, &hellip; <a href=\"https:\/\/elarcainc.org\/es\/about-us\/press\/\"> Continue reading <span class=\"meta-nav\">&rarr;<\/span><\/a><\/p>\n","protected":false},"author":1,"featured_media":0,"parent":10,"menu_order":7,"comment_status":"open","ping_status":"open","template":"","meta":{"_acf_changed":false,"nf_dc_page":"","_monsterinsights_skip_tracking":false,"_monsterinsights_sitenote_active":false,"_monsterinsights_sitenote_note":"","_monsterinsights_sitenote_category":0,"footnotes":""},"class_list":["post-38","page","type-page","status-publish","hentry"],"acf":[],"_links":{"self":[{"href":"https:\/\/elarcainc.org\/es\/wp-json\/wp\/v2\/pages\/38","targetHints":{"allow":["GET"]}}],"collection":[{"href":"https:\/\/elarcainc.org\/es\/wp-json\/wp\/v2\/pages"}],"about":[{"href":"https:\/\/elarcainc.org\/es\/wp-json\/wp\/v2\/types\/page"}],"author":[{"embeddable":true,"href":"https:\/\/elarcainc.org\/es\/wp-json\/wp\/v2\/users\/1"}],"replies":[{"embeddable":true,"href":"https:\/\/elarcainc.org\/es\/wp-json\/wp\/v2\/comments?post=38"}],"version-history":[{"count":13,"href":"https:\/\/elarcainc.org\/es\/wp-json\/wp\/v2\/pages\/38\/revisions"}],"predecessor-version":[{"id":826,"href":"https:\/\/elarcainc.org\/es\/wp-json\/wp\/v2\/pages\/38\/revisions\/826"}],"up":[{"embeddable":true,"href":"https:\/\/elarcainc.org\/es\/wp-json\/wp\/v2\/pages\/10"}],"wp:attachment":[{"href":"https:\/\/elarcainc.org\/es\/wp-json\/wp\/v2\/media?parent=38"}],"curies":[{"name":"wp","href":"https:\/\/api.w.org\/{rel}","templated":true}]}}