{"id":36,"date":"2014-04-22T18:42:21","date_gmt":"2014-04-22T18:42:21","guid":{"rendered":"http:\/\/elarcainc.org\/?page_id=36"},"modified":"2014-06-13T12:37:47","modified_gmt":"2014-06-13T19:37:47","slug":"financial-accountability","status":"publish","type":"page","link":"https:\/\/elarcainc.org\/es\/about-us\/financial-accountability\/","title":{"rendered":"Responsabilidad Financiera"},"content":{"rendered":"<p><span style=\"color: #ff0000;\"><span class=\"hps\">EL<\/span> <span class=\"hps\">ARCA<\/span> <span class=\"hps\">se enorgullece de ofrecer<\/span> <span class=\"hps\">una atenci\u00f3n de calidad<\/span> <span class=\"hps\">a la comunidad<\/span> <span class=\"hps\">con discapacidades del desarrollo<\/span> <span class=\"hps\">de Los<\/span> <span class=\"hps\">Angeles<\/span>, manteniendo <span class=\"hps\">un<\/span> <span class=\"hps\">bajo costo operativo<\/span>.<\/span><\/p>\n<p><span class=\"hps\">Para el a\u00f1o fiscal<\/span> <span class=\"hps\">2012<\/span> <span class=\"hps\">EL<\/span> <span class=\"hps\">ARCA<\/span> <span class=\"hps\">recibi\u00f3<\/span> $<span class=\"hps\">3,004,970 d\u00f3lar<\/span> <span class=\"hps\">en los ingresos totales<\/span> <span class=\"hps\">y el apoyo<\/span> <span class=\"hps\">a los gastos<\/span> <span class=\"hps\">totales que eran<\/span> <span class=\"hps\">$ 3,153,460<\/span>.<\/p>\n<p><span class=\"hps\">Para el a\u00f1o fiscal<\/span> <span class=\"hps\">2013<\/span> <span class=\"hps\">EL<\/span> <span class=\"hps\">ARCA<\/span> <span class=\"hps\">recibido<\/span> $<span class=\"hps\">3,652,002 d\u00f3lares<\/span> <span class=\"hps\">en los ingresos totales<\/span> <span class=\"hps\">y el apoyo<\/span> <span class=\"hps\">a los gastos<\/span> <span class=\"hps\">totales que eran<\/span> <span class=\"hps\">$ 3,114,620<\/span>.<\/p>\n<p><span style=\"color: #ff0000;\">\u00a0<\/span><\/p>\n<p><span style=\"color: #ff0000;\"><span class=\"hps\"><span class=\"hps\">FORMA<\/span> DE ORGANIZACI\u00d3N<\/span> <span class=\"hps\">EXENTA DE IMPUESTOS<\/span> <\/span><\/p>\n<p><span style=\"color: #808080;\">Al ser una empreza 501(c)(3) sin fines de lucro,\u00a0LA <a href=\"http:\/\/elarcainc.org\/wp-content\/uploads\/2014\/05\/EL-ARCA-FORM-990-2012.pdf\"><span style=\"color: #808080;\"> FORMA 990 2012<\/span><\/a>\u00a0esta disponible para todos aa fin de que nuestras finanzas y mission sean completamente transparente.<\/span><\/p>\n<div id=\"gt-res-c\" class=\"g-unit\"><\/div>\n<p><span style=\"color: #ff0000;\">Tambien puede ver nuestra condicion financiera en el sitio <a title=\"Dancers\" href=\"http:\/\/www.guidestar.org\/organizations\/95-3940610\/east-los-angeles-remarkable-citizens-association.aspx\" target=\"_blank\">GuideStar<\/a>.<\/span><\/p>","protected":false},"excerpt":{"rendered":"<p>EL ARCA se enorgullece de ofrecer una atenci\u00f3n de calidad a la comunidad con discapacidades del desarrollo de Los Angeles, manteniendo un bajo costo operativo. Para el a\u00f1o fiscal 2012 EL ARCA recibi\u00f3 $3,004,970 d\u00f3lar en los ingresos totales y &hellip; <a href=\"https:\/\/elarcainc.org\/es\/about-us\/financial-accountability\/\"> Continue reading <span class=\"meta-nav\">&rarr;<\/span><\/a><\/p>\n","protected":false},"author":1,"featured_media":0,"parent":10,"menu_order":6,"comment_status":"open","ping_status":"open","template":"","meta":{"_acf_changed":false,"nf_dc_page":"","_monsterinsights_skip_tracking":false,"_monsterinsights_sitenote_active":false,"_monsterinsights_sitenote_note":"","_monsterinsights_sitenote_category":0,"footnotes":""},"class_list":["post-36","page","type-page","status-publish","hentry"],"acf":[],"_links":{"self":[{"href":"https:\/\/elarcainc.org\/es\/wp-json\/wp\/v2\/pages\/36","targetHints":{"allow":["GET"]}}],"collection":[{"href":"https:\/\/elarcainc.org\/es\/wp-json\/wp\/v2\/pages"}],"about":[{"href":"https:\/\/elarcainc.org\/es\/wp-json\/wp\/v2\/types\/page"}],"author":[{"embeddable":true,"href":"https:\/\/elarcainc.org\/es\/wp-json\/wp\/v2\/users\/1"}],"replies":[{"embeddable":true,"href":"https:\/\/elarcainc.org\/es\/wp-json\/wp\/v2\/comments?post=36"}],"version-history":[{"count":15,"href":"https:\/\/elarcainc.org\/es\/wp-json\/wp\/v2\/pages\/36\/revisions"}],"predecessor-version":[{"id":824,"href":"https:\/\/elarcainc.org\/es\/wp-json\/wp\/v2\/pages\/36\/revisions\/824"}],"up":[{"embeddable":true,"href":"https:\/\/elarcainc.org\/es\/wp-json\/wp\/v2\/pages\/10"}],"wp:attachment":[{"href":"https:\/\/elarcainc.org\/es\/wp-json\/wp\/v2\/media?parent=36"}],"curies":[{"name":"wp","href":"https:\/\/api.w.org\/{rel}","templated":true}]}}