{"id":34,"date":"2014-04-22T18:41:53","date_gmt":"2014-04-22T18:41:53","guid":{"rendered":"http:\/\/elarcainc.org\/?page_id=34"},"modified":"2014-06-07T01:06:44","modified_gmt":"2014-06-07T01:06:44","slug":"partners","status":"publish","type":"page","link":"https:\/\/elarcainc.org\/es\/about-us\/partners\/","title":{"rendered":"Companeros"},"content":{"rendered":"<p><\/p>\n<div id=\"gt-src-tools\"><\/div>\n<div id=\"gt-res-c\" class=\"g-unit\">\n<div id=\"gt-res-p\">\n<div id=\"gt-res-data\">\n<div id=\"gt-res-wrap\">\n<div id=\"gt-res-content\" class=\"almost_half_cell\">\n<h3 dir=\"ltr\" style=\"-ms-zoom: 1;\"><span id=\"result_box\" lang=\"es\"><span class=\"hps\">EL<\/span> <span class=\"hps\">ARCA<\/span> <span class=\"hps\">ha<\/span> <span class=\"hps\">tenido la suerte de<\/span> <span class=\"hps\">recibir el apoyo de<\/span> <span class=\"hps\">organizaciones de la comunidad<\/span> <span class=\"hps\">que han prestado<\/span> <span class=\"hps\">su tiempo<\/span> <span class=\"hps\">para cumplir con<\/span> <span class=\"hps\">nuestra misi\u00f3n.<\/span> <span class=\"hps\">Si<\/span> <span class=\"hps\">usted o su organizaci\u00f3n<\/span> <span class=\"hps\">es capaz de<\/span> <span class=\"hps\">proporcionar<\/span> <span class=\"hps\">los voluntarios o<\/span> <span class=\"hps\">asociaci\u00f3n<\/span>, por favor <span class=\"hps\">env\u00edenos un <a href=\"mailto:elarcainc@earthlink.net\">correo electr\u00f3nico<\/a><\/span>.<\/span><\/h3>\n<\/div>\n<\/div>\n<\/div>\n<\/div>\n<\/div>\n<p><a href=\"http:\/\/www.das.edu\" target=\"_blank\"><strong>Downey Adult School<\/strong><\/a><\/p>\n<p><span class=\"hps\">Programa De Licensiatura para Enfermeras\u00a0<\/span>\u00a0<span class=\"hps\">Vocacionales<\/span><\/p>\n<p><span class=\"hps\">El programa de<\/span> <span class=\"hps\">LVN<\/span> <span class=\"hps\">de<\/span> <span class=\"hps\">Downey<\/span> <span class=\"hps\">Adult School<\/span> <span class=\"hps\">completa<\/span> <span class=\"hps\">sus<\/span> <span class=\"hps\">horas de pr\u00e1ctica<\/span> <span class=\"hps\">en<\/span> <span class=\"hps\">EL<\/span> <span class=\"hps\">ARCA<\/span>. <span class=\"hps\">Los estudiantes obtienen<\/span> <span class=\"hps\">experiencia pr\u00e1ctica<\/span> <span class=\"hps\">al tiempo que proporciona<\/span> <span class=\"hps\">cuidado.<\/span><\/p>\n<p><a href=\"https:\/\/www.aging.ca.gov\/ProgramsProviders\/SCSEP\/\"><strong>Departmento\u00a0De La Edad<\/strong><\/a><\/p>\n<p><span class=\"hps\">Programa de Empleo<\/span> a los de la tercera edad<\/p>\n<p><span class=\"hps\">El Programa<\/span> <span class=\"hps\">Mayor de Empleo de<\/span> <span class=\"hps atn\">la Comunidad (<\/span>SCSEP) <span class=\"hps\">ofrece<\/span> <span class=\"hps\">oportunidades de formaci\u00f3n<\/span> <span class=\"hps\">basadas en el trabajo<\/span> <span class=\"hps\">a tiempo parcial<\/span> <span class=\"hps\">en las agencias<\/span> <span class=\"hps\">locales de servicios comunitarios<\/span> <span class=\"hps\">para los trabajadores<\/span> <span class=\"hps\">de m\u00e1s edad<\/span> <span class=\"hps\">que tienen<\/span> <span class=\"hps\">escasas perspectivas de empleo<\/span> <span class=\"hps\">y ayuda<\/span> <span class=\"hps\">con<\/span> <span class=\"hps\">la transici\u00f3n<\/span> <span class=\"hps\">de las personas a<\/span> <span class=\"hps\">las oportunidades de empleo<\/span> <span class=\"hps\">privados<\/span> <span class=\"hps\">o<\/span> <span class=\"hps\">de otro tipo en<\/span> <span class=\"hps\">la comunidad.<\/span> <span class=\"hps\">El programa ofrece<\/span> <span class=\"hps\">una variedad de<\/span> <span class=\"hps\">servicios de apoyo<\/span> <span class=\"hps\">a<\/span> <span class=\"hps\">la persona<\/span>, como el asesoramiento <span class=\"hps\">personal y<\/span> <span class=\"hps\">relacionado con el trabajo<\/span>, la capacitaci\u00f3n laboral <span class=\"hps\">y la<\/span> <span class=\"hps\">referencia de trabajo<\/span>. <span class=\"hps\">EL<\/span> <span class=\"hps\">ARCA<\/span> <span class=\"hps\">se ha asociado con<\/span> <span class=\"hps\">SCSEP<\/span> <span class=\"hps\">desde 2009.<\/span><\/p>\n<p><strong><a href=\"http:\/\/www.whitememorial.com\" target=\"_blank\">White Memorial Medical Center<\/a><\/strong><\/p>\n<p>White Memorial Medical Center (WMMC) <span class=\"hps\">es<\/span> <span class=\"hps\">un hospital de<\/span> <span class=\"hps\">353<\/span> <span class=\"hps\">camas<\/span> <span class=\"hps\">sin fines de<\/span> <span class=\"hps\">lucro que proporciona<\/span> <span class=\"hps\">una amplia gama de<\/span> <span class=\"hps\">pacientes hospitalizados, ambulatorios<\/span>, <span class=\"hps\">de urgencia y<\/span> <span class=\"hps\">servicios de diagn\u00f3stico<\/span> <span class=\"hps\">a las comunidades<\/span> <span class=\"hps\">en y cerca<\/span> <span class=\"hps\">del centro de Los<\/span> <span class=\"hps\">Angeles.<\/span> <span class=\"hps\">La misi\u00f3n de<\/span> <span class=\"hps\">White Memorial<\/span> <span class=\"hps\">es mantener<\/span> <span class=\"hps\">nuestras comunidades<\/span> <span class=\"hps\">saludables.<\/span> <span class=\"hps\">El centro<\/span> <span class=\"hps\">ha apoyado<\/span>\u00a0 <span class=\"hps\">eventos<\/span> <span class=\"hps\">de<\/span> <span class=\"hps\">EL<\/span> <span class=\"hps\">ARCA<\/span> <span class=\"hps\">para la<\/span> <span class=\"hps\">comunidad en general.<\/span><\/p>\n<p><a href=\"http:\/\/www.taprootfoundation.org\" target=\"_blank\"><strong>The Taproot Foundation<\/strong><\/a><\/p>\n<p><span class=\"hps\">La misi\u00f3n de<\/span> <span class=\"hps\">la Fundaci\u00f3n<\/span> <span class=\"hps\">Taproot<\/span> <span class=\"hps\">es guiar<\/span>, movilizar y <span class=\"hps\">comprometer a los profesionales<\/span> <span class=\"hps\">de<\/span> <span class=\"hps\">servicio pro bono<\/span> <span class=\"hps\">que impulsan<\/span> <span class=\"hps\">el cambio social.<\/span> <span class=\"hps\">El trabajo de la <span class=\"hps\">Fundacion<\/span><\/span> <span class=\"hps\">Taproot<\/span> <span class=\"hps\">se realiza<\/span> <span class=\"hps\">sobre una base<\/span> <span class=\"hps\">pro bono<\/span> con<span class=\"hps\">\u00a0consultants <\/span><span class=\"hps\">experimentados.<\/span> <span class=\"hps\">EL<\/span> <span class=\"hps\">ARCA<\/span> <span class=\"hps\">fue elegida para renovar <span class=\"hps\">el sitio web de<\/span> <span class=\"hps\">la organizaci\u00f3n con una donacion de servicios valuada en hasta $50,000. <\/span><\/span><\/p>","protected":false},"excerpt":{"rendered":"<p>EL ARCA ha tenido la suerte de recibir el apoyo de organizaciones de la comunidad que han prestado su tiempo para cumplir con nuestra misi\u00f3n. Si usted o su organizaci\u00f3n es capaz de proporcionar los voluntarios o asociaci\u00f3n, por favor &hellip; <a href=\"https:\/\/elarcainc.org\/es\/about-us\/partners\/\"> Continue reading <span class=\"meta-nav\">&rarr;<\/span><\/a><\/p>\n","protected":false},"author":1,"featured_media":0,"parent":10,"menu_order":5,"comment_status":"open","ping_status":"open","template":"","meta":{"_acf_changed":false,"nf_dc_page":"","_monsterinsights_skip_tracking":false,"_monsterinsights_sitenote_active":false,"_monsterinsights_sitenote_note":"","_monsterinsights_sitenote_category":0,"footnotes":""},"class_list":["post-34","page","type-page","status-publish","hentry"],"acf":[],"_links":{"self":[{"href":"https:\/\/elarcainc.org\/es\/wp-json\/wp\/v2\/pages\/34","targetHints":{"allow":["GET"]}}],"collection":[{"href":"https:\/\/elarcainc.org\/es\/wp-json\/wp\/v2\/pages"}],"about":[{"href":"https:\/\/elarcainc.org\/es\/wp-json\/wp\/v2\/types\/page"}],"author":[{"embeddable":true,"href":"https:\/\/elarcainc.org\/es\/wp-json\/wp\/v2\/users\/1"}],"replies":[{"embeddable":true,"href":"https:\/\/elarcainc.org\/es\/wp-json\/wp\/v2\/comments?post=34"}],"version-history":[{"count":10,"href":"https:\/\/elarcainc.org\/es\/wp-json\/wp\/v2\/pages\/34\/revisions"}],"predecessor-version":[{"id":682,"href":"https:\/\/elarcainc.org\/es\/wp-json\/wp\/v2\/pages\/34\/revisions\/682"}],"up":[{"embeddable":true,"href":"https:\/\/elarcainc.org\/es\/wp-json\/wp\/v2\/pages\/10"}],"wp:attachment":[{"href":"https:\/\/elarcainc.org\/es\/wp-json\/wp\/v2\/media?parent=34"}],"curies":[{"name":"wp","href":"https:\/\/api.w.org\/{rel}","templated":true}]}}