{"id":32,"date":"2014-04-22T18:41:17","date_gmt":"2014-04-22T18:41:17","guid":{"rendered":"http:\/\/elarcainc.org\/?page_id=32"},"modified":"2014-08-04T09:22:39","modified_gmt":"2014-08-04T16:22:39","slug":"funders","status":"publish","type":"page","link":"https:\/\/elarcainc.org\/es\/about-us\/funders\/","title":{"rendered":"Donantes"},"content":{"rendered":"<p><span style=\"color: #000000;\"><span class=\"hps\">EL<\/span> <span class=\"hps\">ARCA<\/span> <span class=\"hps\">ha<\/span> <span class=\"hps\">tenido la suerte de<\/span> <span class=\"hps\">recibir el apoyo de<\/span> <span class=\"hps\">organizaciones de la comunidad<\/span> <span class=\"hps\">que han prestado<\/span> <span class=\"hps\">su tiempo<\/span> <span class=\"hps\">para cumplir con<\/span> <span class=\"hps\">nuestra misi\u00f3n.<\/span> <span class=\"hps\">Si<\/span> <span class=\"hps\">usted o su organizaci\u00f3n<\/span> <span class=\"hps\">es capaz de<\/span> <span class=\"hps\">proporcionar<\/span> <span class=\"hps\">los voluntarios o<\/span> <span class=\"hps\">asociaci\u00f3n<\/span>, por favor <span class=\"hps\">env\u00edenos un correo electr\u00f3nico<\/span>.<\/span><\/p>\n<p><a href=\"http:\/\/www.wellsfargocapitalfinance.com\" target=\"_blank\"><strong>Wells Fargo Capital Finance<\/strong><\/a><\/p>\n<p>$15,000<\/p>\n<p><span class=\"hps\">Los empleados de<\/span> <span class=\"hps\">Wells<\/span> <span class=\"hps\">Fargo<\/span> <span class=\"hps\">Capital\u00a0Fiannce<\/span> <span class=\"hps\">tienen la facultad de<\/span> <span class=\"hps\">designar a<\/span><span class=\"hps\"> organizaciones<\/span> <span class=\"hps\">sin fines de lucro<\/span> <span class=\"hps\">para recibir contribuciones<\/span>. <span class=\"hps\">EL<\/span> <span class=\"hps\">ARCA<\/span> <span class=\"hps\">ha sido nominado<\/span> <span class=\"hps\">por la Sra.<\/span> <span class=\"hps\">Yolanda<\/span> <span class=\"hps\">Jasso<\/span> <span class=\"hps\">y recibi\u00f3<\/span> <span class=\"hps\">tres<\/span>\u00a0<span class=\"hps\">becas de<\/span>\u00a0<span class=\"hps\">$ 5,000<\/span> <span class=\"hps\">en el 2011,<\/span> <span class=\"hps\">2012<\/span> <span class=\"hps\">y 2013.<\/span><\/p>\n<p><a href=\"http:\/\/www.trustmgmtservices.com\" target=\"_blank\"><strong>My Choice Foundation<\/strong><\/a><\/p>\n<p>$15,000<\/p>\n<p>La Fundacion My Choice, cual se encuentra en el norte de California, ofrece <span class=\"hps\">servicios para promover<\/span> <span class=\"hps\">la<\/span> <span class=\"hps\">independencia de las personas<\/span> <span class=\"hps\">con discapacidades de desarrollo<\/span>. <span class=\"hps\">La Fundaci\u00f3n ha<\/span> <span class=\"hps\">otorgado $<\/span> <span class=\"hps\">15,000 en<\/span> <span class=\"hps\">los \u00faltimos tres a\u00f1os<\/span> <span class=\"hps\">para la<\/span> <span class=\"hps\">adquisici\u00f3n y mantenimiento de<\/span> <span class=\"hps\">ordenadores de pantalla t\u00e1ctil<\/span> <span class=\"hps\">y<\/span> <span class=\"hps\">iPads<\/span> <span class=\"hps\">para que los estudiantes<\/span> <span class=\"hps\">son capaces de comunicarse<\/span> <span class=\"hps\">de manera m\u00e1s efectiva<\/span>.<\/p>\n<div id=\"gt-src-tools\"><\/div>\n<p><strong>Bailey\u2019s Creamery<\/strong><\/p>\n<p>$10,000<\/p>\n<p><span class=\"hps\">En coordinaci\u00f3n con<\/span> <span class=\"hps\">la personalidad de televisi\u00f3n<\/span> <span class=\"hps\">Mario<\/span> <span class=\"hps\">Lopez<\/span>, <span class=\"hps\">Creamery<\/span> <span class=\"hps\">de Bailey<\/span> <span class=\"hps\">don\u00f3 $<\/span> <span class=\"hps\">10,000 a<\/span> <span class=\"hps\">EL<\/span> <span class=\"hps\">ARCA<\/span> <span class=\"hps\">en apoyo de su<\/span> <span class=\"hps\">misi\u00f3n.<\/span> <span class=\"hps\">La donaci\u00f3n<\/span> <span class=\"hps\">fue resultado de<\/span> <span class=\"hps\">un concurso de<\/span> <span class=\"hps\">promoci\u00f3n<\/span> que <span class=\"hps\">Creamery<\/span> <span class=\"hps\">de Bailey<\/span> <span class=\"hps\">ten\u00eda<\/span> <span class=\"hps\">a finales de 2012<\/span>.<\/p>\n<p><a href=\"http:\/\/www.ynotfoundation.org\" target=\"_blank\"><strong>YNOT Foundation<\/strong><\/a><\/p>\n<p>$7,000<\/p>\n<p><span class=\"hps\">La misi\u00f3n de la<\/span> <span class=\"hps\">Fundaci\u00f3n<\/span> <span class=\"hps\">YNOT<\/span> <span class=\"hps\">es capacitar a<\/span> <span class=\"hps\">las personas y familias<\/span>\u00a0<span class=\"hps\">a transformarse<\/span> <span class=\"hps\">a<\/span> <span class=\"hps\">llevar una vida mejor<\/span> <span class=\"hps\">a trav\u00e9s de diversos<\/span> <span class=\"hps\">programas de extensi\u00f3n comunitaria<\/span>, <span class=\"hps\">el desarrollo comunitario<\/span>, <span class=\"hps\">el empoderamiento econ\u00f3mico<\/span> <span class=\"hps\">y la justicia<\/span> <span class=\"hps\">social.<\/span> <span class=\"hps\">En<\/span> <span class=\"hps\">2012<\/span> <span class=\"hps\">la Fundaci\u00f3n<\/span> <span class=\"hps\">YNOT<\/span> <span class=\"hps\">selecciono a <\/span><span class=\"hps\">EL<\/span> <span class=\"hps\">ARCA<\/span> <span class=\"hps\">como receptor de<\/span> <span class=\"hps\">una subvenci\u00f3n de $<\/span> <span class=\"hps\">7,000 a<\/span> <span class=\"hps\">cumplir su misi\u00f3n<\/span> <span class=\"hps\">de<\/span> <span class=\"hps\">empoderar a<\/span> <span class=\"hps\">las personas y familias<\/span>.<\/p>\n<p><a href=\"http:\/\/www.lincolnheightsnc.org\" target=\"_blank\"><strong>Lincoln Heights Neighborhood Council<\/strong><\/a><\/p>\n<p>$2,500<\/p>\n<p>El\u00a0Consejo Vecinal de\u00a0Lincoln Heights <span class=\"hps\">ofrece donaciones<\/span> <span class=\"hps\">sin \u00e1nimo de lucro<\/span> <span class=\"hps\">a las organizaciones<\/span> <span class=\"hps\">basadas en la comunidad<\/span> <span class=\"hps\">como<\/span> <span class=\"hps\">parte de su<\/span> <span class=\"hps\">acercamiento a la comunidad<\/span>. <span class=\"hps\">EL<\/span> <span class=\"hps\">ARCA<\/span> <span class=\"hps\">recibi\u00f3<\/span> <span class=\"hps\">$ 2,500<\/span> <span class=\"hps\">del<\/span> <span class=\"hps\">Consejo<\/span> <span class=\"hps\">en apoyo de<\/span> <span class=\"hps\">sus paseos<\/span> <span class=\"hps\">comunidad.<\/span><\/p>\n<div id=\"gt-src-tools\"><\/div>\n<p><\/p>","protected":false},"excerpt":{"rendered":"<p>EL ARCA ha tenido la suerte de recibir el apoyo de organizaciones de la comunidad que han prestado su tiempo para cumplir con nuestra misi\u00f3n. Si usted o su organizaci\u00f3n es capaz de proporcionar los voluntarios o asociaci\u00f3n, por favor &hellip; <a href=\"https:\/\/elarcainc.org\/es\/about-us\/funders\/\"> Continue reading <span class=\"meta-nav\">&rarr;<\/span><\/a><\/p>\n","protected":false},"author":1,"featured_media":0,"parent":10,"menu_order":4,"comment_status":"open","ping_status":"open","template":"","meta":{"_acf_changed":false,"nf_dc_page":"","_monsterinsights_skip_tracking":false,"_monsterinsights_sitenote_active":false,"_monsterinsights_sitenote_note":"","_monsterinsights_sitenote_category":0,"footnotes":""},"class_list":["post-32","page","type-page","status-publish","hentry"],"acf":[],"_links":{"self":[{"href":"https:\/\/elarcainc.org\/es\/wp-json\/wp\/v2\/pages\/32","targetHints":{"allow":["GET"]}}],"collection":[{"href":"https:\/\/elarcainc.org\/es\/wp-json\/wp\/v2\/pages"}],"about":[{"href":"https:\/\/elarcainc.org\/es\/wp-json\/wp\/v2\/types\/page"}],"author":[{"embeddable":true,"href":"https:\/\/elarcainc.org\/es\/wp-json\/wp\/v2\/users\/1"}],"replies":[{"embeddable":true,"href":"https:\/\/elarcainc.org\/es\/wp-json\/wp\/v2\/comments?post=32"}],"version-history":[{"count":10,"href":"https:\/\/elarcainc.org\/es\/wp-json\/wp\/v2\/pages\/32\/revisions"}],"predecessor-version":[{"id":871,"href":"https:\/\/elarcainc.org\/es\/wp-json\/wp\/v2\/pages\/32\/revisions\/871"}],"up":[{"embeddable":true,"href":"https:\/\/elarcainc.org\/es\/wp-json\/wp\/v2\/pages\/10"}],"wp:attachment":[{"href":"https:\/\/elarcainc.org\/es\/wp-json\/wp\/v2\/media?parent=32"}],"curies":[{"name":"wp","href":"https:\/\/api.w.org\/{rel}","templated":true}]}}