{"id":28,"date":"2014-04-22T18:40:50","date_gmt":"2014-04-22T18:40:50","guid":{"rendered":"http:\/\/elarcainc.org\/?page_id=28"},"modified":"2026-02-06T11:26:38","modified_gmt":"2026-02-06T18:26:38","slug":"staff","status":"publish","type":"page","link":"https:\/\/elarcainc.org\/es\/about-us\/staff\/","title":{"rendered":"Empleados"},"content":{"rendered":"<p><!-- \/wp:post-content --><\/p>\r\n<p><!-- wp:paragraph --><\/p>\r\n<p><span style=\"color: #000000;\"><span class=\"hps\">Conozca al<\/span> <span class=\"hps\">Equipo de<\/span>\u00a0<span class=\"hps\">EL ARCA<\/span><\/span><\/p>\r\n<p><!-- \/wp:paragraph --><\/p>\r\n<p>&nbsp;<\/p>\r\n<p><!-- wp:paragraph --><\/p>\r\n<p><span class=\"hps\">EL<\/span> <span class=\"hps\">ARCA<\/span> <span class=\"hps\">no ser\u00eda lo<\/span> <span class=\"hps\">que es hoy sin<\/span> <span class=\"hps\">los miembros notables del personal<\/span> <span class=\"hps\">de cuidado<\/span>,\u00a0<span class=\"hps\">que se esfuerzan por<\/span> <span class=\"hps\">capacitar a<\/span> <span class=\"hps\">nuestra comunidad.<\/span> <span class=\"hps\">Nuestras<\/span> <span class=\"hps\">enfermeras,<\/span> <span class=\"hps\">educadores<\/span>, cuidadores <span class=\"hps\">y los conductores<\/span> <span class=\"hps\">est\u00e1n comprometidos con<\/span> <span class=\"hps\">las personas con<\/span> <span class=\"hps\">discapacidades de desarrollo<\/span>, y estamos <span class=\"hps\">tan comprometidos<\/span> <span class=\"hps\">con<\/span> <span class=\"hps\">nuestros empleados<\/span>.<\/p>\r\n<p><!-- \/wp:paragraph --><\/p>\r\n<p>&nbsp;<\/p>\r\n<p><!-- wp:paragraph --><\/p>\r\n<p><span style=\"color: #000000;\">\u00a0<span style=\"text-decoration: underline;\"><strong><span id=\"result_box\" lang=\"es\"><span title=\"Office Staff \">Personal de la Oficina<\/span><\/span><\/strong><\/span><\/span><\/p>\r\n<p><!-- \/wp:paragraph --><\/p>\r\n<p>&nbsp;<\/p>\r\n<p><!-- wp:paragraph --><\/p>\r\n<p><strong><span title=\"John Menchaca \u00a0\">Dr. J<\/span><\/strong><span title=\"John Menchaca \u00a0\"><b>ohn Menchaca<\/b><\/span><\/p>\r\n<p><!-- \/wp:paragraph --><\/p>\r\n<p>&nbsp;<\/p>\r\n<p><!-- wp:paragraph --><\/p>\r\n<p><strong><span title=\"President and CEO of EL ARCA \u00a0\">Presidente\/CEO de EL ARCA<\/span><\/strong><\/p>\r\n<p><!-- \/wp:paragraph --><\/p>\r\n<p>&nbsp;<\/p>\r\n<p><!-- wp:paragraph --><\/p>\r\n<p><span title=\"John M. Menchaca has been the President\/CEO of EL ARCA since 2008 and oversees over 50 employees and 4 service programs.\">John M. Menchaca ha sido el Presidente \/ CEO de EL ARCA desde 2008 y supervisa m\u00e1s de 60 empleados y 4 programas de servicio. Ha dedicado m\u00e1s de 20 a\u00f1os de su vida profesional a ayudar a las personas con discapacidades de desarrollo. El Dr. Menchaca creci\u00f3 en Lincoln Heights y asisti\u00f3 a East Los Angeles Community College. \u00c9l tiene un B.A. de Cal State Los \u00c1ngeles, complet\u00f3 una Maestr\u00eda en Administraci\u00f3n P\u00fablica de la Universidad de La Verne<\/span> y un doctorado de la Universidad del Sur de California.<\/p>\r\n<p><!-- \/wp:paragraph --><\/p>\r\n<p>&nbsp;<\/p>\r\n<p><!-- wp:paragraph --><\/p>\r\n<p><span title=\"Mr. Menchaca' s tenure at EL ARCA started as an instructor in the classrooms.\">El Dr. Menchaca &#8216;s comenz\u00f3 en EL ARCA como instructor en las aulas. Luego fue promovido a director del programa de los programas de d\u00eda para adultos. Dentro de unos a\u00f1os, cuando se cre\u00f3 la posici\u00f3n de Vice-Presidencia, la\u00a0mesa directiva\u00a0de EL ARCA sab\u00eda que John Menchaca tenia la voluntad y la dedicaci\u00f3n para asumir esa posici\u00f3n. El Dr. Menchaca cree en el empoderamiento de los empleados y pretende recabar la opini\u00f3n, as\u00ed como las ideas.<\/span><\/p>\r\n<p><!-- \/wp:paragraph --><\/p>\r\n<p>&nbsp;<\/p>\r\n<p><!-- wp:paragraph --><\/p>\r\n<p>El Dr. Menchaca obtuvo su Doctorado en Trabajos Sociales de la Universidad del Sur de California en el 2019.<\/p>\r\n<p><!-- \/wp:paragraph --><\/p>\r\n<p>&nbsp;<\/p>\r\n<p><!-- wp:paragraph --><\/p>\r\n<p><strong><span title=\"Karina Andrade \">Karina Andrade<\/span><\/strong><\/p>\r\n<p><!-- \/wp:paragraph --><\/p>\r\n<p>&nbsp;<\/p>\r\n<p><!-- wp:paragraph --><\/p>\r\n<p><strong><span title=\"Human Resources Manager \">Vice Presidenta de Programas<\/span><\/strong><\/p>\r\n<p><!-- \/wp:paragraph --><\/p>\r\n<p>&nbsp;<\/p>\r\n<p><!-- wp:paragraph --><\/p>\r\n<p><span title=\"Ms. Andrade is currently working towards her Master's Degree in Public Administration, with an emphasis in Non-Profit Management.\">La Sra. Andrade est\u00e1 trabajando hacia su Doctorado en Administracion Publica y tiene dos maestrias (MBA\/MPA). Ella trabaj\u00f3 en la industria de fabricaci\u00f3n durante 10 a\u00f1os antes de entrar en el sector sin fines de lucro y unirse a \u00a0EL ARCA como nuestro Gerente de Recursos Humanos. La Sra. Andrade valora tratar a los dem\u00e1s de la manera que ella quiere ser tratado, y cree que cada persona merece ser tratada con respeto y dignidad. Ella se dedica a ayudar a nuestros estudiantes a alcanzar su potencial.<\/span><\/p>\r\n<p><!-- \/wp:paragraph --><\/p>\r\n<p>&nbsp;<\/p>\r\n<p><!-- wp:paragraph --><\/p>\r\n<p><span style=\"text-decoration: underline;\"><span title=\"Managing Program Staff \">Empleados de\u00a0Programa<\/span><\/span><\/p>\r\n<p><!-- \/wp:paragraph --><\/p>\r\n<p>&nbsp;<\/p>\r\n<p><!-- wp:paragraph --><\/p>\r\n<p><strong>Freddy Pablo<\/strong><\/p>\r\n<p><!-- \/wp:paragraph --><\/p>\r\n<p>&nbsp;<\/p>\r\n<p><!-- wp:paragraph --><\/p>\r\n<p><strong>Director de Programas<\/strong><\/p>\r\n<p><!-- \/wp:paragraph --><\/p>\r\n<p>&nbsp;<\/p>\r\n<p><!-- wp:paragraph --><\/p>\r\n<p>&nbsp;<\/p>\r\n<p><!-- \/wp:paragraph --><\/p>\r\n<p>&nbsp;<\/p>\r\n<p><!-- wp:paragraph --><\/p>\r\n<p><strong><span title=\"Olga Martinez \">Olga Mart\u00ednez<\/span><\/strong><\/p>\r\n<p><!-- \/wp:paragraph --><\/p>\r\n<p>&nbsp;<\/p>\r\n<p><!-- wp:paragraph --><\/p>\r\n<p><strong><span title=\"Transportation Supervisor \">Directora\u00a0de Transporte<\/span><\/strong><\/p>\r\n<p><!-- \/wp:paragraph --><\/p>\r\n<p>&nbsp;<\/p>\r\n<p><!-- wp:paragraph --><\/p>\r\n<p><span title=\"Ms. Martinez has worked with EL ARCA for 21 wonderful years.\">La Sra. Mart\u00ednez ha trabajado con EL ARCA durante 29 maravillosos a\u00f1os. Despu\u00e9s de graduarse de la escuela secundaria, trabaj\u00f3 como voluntaria en EL ARCA como\u00a0voluntaria para el programa durante unos ocho meses en el aula antes de conseguir un empleo de tiempo completo. Ella sirvi\u00f3 como Instructor Folklorico y que llevar\u00e1 a los participantes a cabo en su comunidad para llevar a cabo para el p\u00fablico, incluyendo a Gloria Molina, Jefe de la Polic\u00eda de Los \u00c1ngeles, el alcalde, y un buen n\u00famero de miembros del consejo. La Sra. Mart\u00ednez obtuvo una licencia de conducir de clase B y comenz\u00f3 a ayudar como un controlador de respaldo cuando sea necesario. Tambi\u00e9n dirigi\u00f3 salidas a la comunidad de El Arca durante 16 a\u00f1os y fue el Supervisor ADSC por un a\u00f1o, la supervisi\u00f3n del personal, atendiendo a las necesidades del consumidor y asegurar la comunicaci\u00f3n con los padres y los coordinadores de servicios del centro regional, a la vez que la documentaci\u00f3n de las metas, avances y documentos importantes. Sus responsabilidades actuales incluyen la supervisi\u00f3n de los controladores en sus rutas y gastos de env\u00edo a cualquier situaci\u00f3n que se ocupa del transporte, incluyendo la asociaci\u00f3n con el CHP y Cal-Trans para mantener todos los veh\u00edculos EL ARCA hasta el c\u00f3digo. La Sra. Mart\u00ednez cree que se debe tratar a las personas como quieres ser tratado, y que est\u00e1 bien cometer errores &#8211; siempre y cuando usted aprende de ellos para mejorar el mismo y los que te rodean!<\/span><\/p>\r\n<p><!-- \/wp:paragraph --><\/p>\r\n<p>&nbsp;<\/p>\r\n<p><!-- wp:paragraph --><\/p>\r\n<p><strong><span title=\"Martha Tiscareno \">Martha Tiscare\u00f1o<\/span><\/strong><\/p>\r\n<p><!-- \/wp:paragraph --><\/p>\r\n<p>&nbsp;<\/p>\r\n<p><!-- wp:paragraph --><\/p>\r\n<p><strong><span title=\"Staff Nurse, Community Based Adult Service \">Enfermera Registrada, Servicios para Adultos de la Base a la Comunidad <\/span><\/strong><\/p>\r\n<p><!-- \/wp:paragraph --><\/p>\r\n<p>&nbsp;<\/p>\r\n<p><!-- wp:paragraph --><\/p>\r\n<p><span title=\"Ms. Tiscareno earned her Associate's Degree in Nursing from Rio Hondo College.\">La Sra. Tiscare\u00f1o obtuvo su\u00a0titulo de Asociada en Enfermer\u00eda de el Colegio de Rio Hondo. <\/span><span title=\"Prior to joining EL ARCA as a registered nurse, she worked as a CNA and in convalescent assistance.\">Antes de incorporarse a EL ARCA como enfermera registrada, trabaj\u00f3 como CNA y en un hogar de convalecencia. <\/span><span title=\"At EL ARCA she helps maintain participants' health, monitors for safety, assists them with their daily living skills and teaches them how to live healthfully and independently.\">En EL ARCA ayuda a mantener la salud de los participantes de mantenimiento, monitora\u00a0la seguridad, ayuda con sus habilidades de la vida diaria y les ense\u00f1a c\u00f3mo vivir saludablemente y de forma independiente. <\/span><span title=\"Her personal philosophy for improving quality of life is to always seek information to better prepare for a better tomorrow. \">Su filosof\u00eda personal para mejorar la calidad de vida es siempre\u00a0 buscar informaci\u00f3n para prepararse mejor para un ma\u00f1ana mejor.<\/span><\/p>\r\n<p><!-- \/wp:paragraph --><\/p>\r\n<p>&nbsp;<\/p>\r\n<p><!-- wp:paragraph --><\/p>\r\n<p><span title=\"If you are interested in employment or volunteering with EL ARCA, please click on the links.\">Si usted est\u00e1 interesado en ser <a href=\"http:\/\/elarcainc.org\/es\/volunteer\/\">voluntario<\/a>\u00a0o obtener <a href=\"http:\/\/elarcainc.org\/es\/jobs\/\">empleo<\/a> en\u00a0EL ARCA, por favor haga clic en los enlaces.<\/span><\/p>","protected":false},"excerpt":{"rendered":"<p>Conozca al Equipo de\u00a0EL ARCA &nbsp; EL ARCA no ser\u00eda lo que es hoy sin los miembros notables del personal de cuidado,\u00a0que se esfuerzan por capacitar a nuestra comunidad. Nuestras enfermeras, educadores, cuidadores y los conductores est\u00e1n comprometidos con las &hellip; <a href=\"https:\/\/elarcainc.org\/es\/about-us\/staff\/\"> Continue reading <span class=\"meta-nav\">&rarr;<\/span><\/a><\/p>\n","protected":false},"author":1,"featured_media":0,"parent":10,"menu_order":2,"comment_status":"open","ping_status":"open","template":"","meta":{"_acf_changed":false,"nf_dc_page":"","_monsterinsights_skip_tracking":false,"_monsterinsights_sitenote_active":false,"_monsterinsights_sitenote_note":"","_monsterinsights_sitenote_category":0,"footnotes":""},"class_list":["post-28","page","type-page","status-publish","hentry"],"acf":[],"_links":{"self":[{"href":"https:\/\/elarcainc.org\/es\/wp-json\/wp\/v2\/pages\/28","targetHints":{"allow":["GET"]}}],"collection":[{"href":"https:\/\/elarcainc.org\/es\/wp-json\/wp\/v2\/pages"}],"about":[{"href":"https:\/\/elarcainc.org\/es\/wp-json\/wp\/v2\/types\/page"}],"author":[{"embeddable":true,"href":"https:\/\/elarcainc.org\/es\/wp-json\/wp\/v2\/users\/1"}],"replies":[{"embeddable":true,"href":"https:\/\/elarcainc.org\/es\/wp-json\/wp\/v2\/comments?post=28"}],"version-history":[{"count":6,"href":"https:\/\/elarcainc.org\/es\/wp-json\/wp\/v2\/pages\/28\/revisions"}],"predecessor-version":[{"id":1097,"href":"https:\/\/elarcainc.org\/es\/wp-json\/wp\/v2\/pages\/28\/revisions\/1097"}],"up":[{"embeddable":true,"href":"https:\/\/elarcainc.org\/es\/wp-json\/wp\/v2\/pages\/10"}],"wp:attachment":[{"href":"https:\/\/elarcainc.org\/es\/wp-json\/wp\/v2\/media?parent=28"}],"curies":[{"name":"wp","href":"https:\/\/api.w.org\/{rel}","templated":true}]}}