{"id":26,"date":"2014-04-22T18:40:37","date_gmt":"2014-04-22T18:40:37","guid":{"rendered":"http:\/\/elarcainc.org\/?page_id=26"},"modified":"2024-07-02T17:05:47","modified_gmt":"2024-07-03T00:05:47","slug":"mission-vision-and-history","status":"publish","type":"page","link":"https:\/\/elarcainc.org\/es\/about-us\/mission-vision-and-history\/","title":{"rendered":"Mision y Vision"},"content":{"rendered":"<p><\/p>\n<h3><span class=\"hps\">Misi\u00f3n<\/span><\/h3>\n<p><span class=\"hps\">Mejorando la calidad<\/span> <span class=\"hps\">de vida de<\/span> <span class=\"hps\">adultos con<\/span> <span class=\"hps\">discapacidades del desarrollo<\/span> <span class=\"hps\">y sus familias<\/span> <span class=\"hps\">a trav\u00e9s de programas<\/span> <span class=\"hps\">de calidad<\/span> <span class=\"hps\">en un ambiente<\/span> <span class=\"hps\">compasivo y<\/span> <span class=\"hps\">cari\u00f1oso.<\/span><\/p>\n<h3><span class=\"hps\">Visi\u00f3n<\/span><\/h3>\n<p><span class=\"hps\">La visi\u00f3n de<\/span> <span class=\"hps\">EL<\/span> <span class=\"hps\">ARCA<\/span> <span class=\"hps\">es desarrollar<\/span> <span class=\"hps\">entornos creativos<\/span> <span class=\"hps\">que tendr\u00e1n<\/span> <span class=\"hps\">un impacto positivo<\/span>\u00a0<span class=\"hps\">en<\/span> <span class=\"hps\">las personas<\/span> <span class=\"hps\">con discapacidades de desarrollo<\/span>. <span class=\"hps\">Nuestro sue\u00f1o<\/span> <span class=\"hps\">es tocar<\/span> <span class=\"hps\">vidas<\/span> <span class=\"hps\">y aumentar el crecimiento<\/span> <span class=\"hps\">personal de cada<\/span> <span class=\"hps\">persona<\/span> <span class=\"hps\">con discapacidad de desarrollo<\/span> <span class=\"hps\">de modo que sus<\/span> <span class=\"hps\">sue\u00f1os personales<\/span> <span class=\"hps\">se pueden realizer<\/span>.<\/p>","protected":false},"excerpt":{"rendered":"<p>Misi\u00f3n Mejorando la calidad de vida de adultos con discapacidades del desarrollo y sus familias a trav\u00e9s de programas de calidad en un ambiente compasivo y cari\u00f1oso. Visi\u00f3n La visi\u00f3n de EL ARCA es desarrollar entornos creativos que tendr\u00e1n un &hellip; <a href=\"https:\/\/elarcainc.org\/es\/about-us\/mission-vision-and-history\/\"> Continue reading <span class=\"meta-nav\">&rarr;<\/span><\/a><\/p>\n","protected":false},"author":1,"featured_media":0,"parent":10,"menu_order":1,"comment_status":"open","ping_status":"open","template":"","meta":{"_acf_changed":false,"nf_dc_page":"","_monsterinsights_skip_tracking":false,"_monsterinsights_sitenote_active":false,"_monsterinsights_sitenote_note":"","_monsterinsights_sitenote_category":0,"footnotes":""},"class_list":["post-26","page","type-page","status-publish","hentry"],"acf":[],"_links":{"self":[{"href":"https:\/\/elarcainc.org\/es\/wp-json\/wp\/v2\/pages\/26","targetHints":{"allow":["GET"]}}],"collection":[{"href":"https:\/\/elarcainc.org\/es\/wp-json\/wp\/v2\/pages"}],"about":[{"href":"https:\/\/elarcainc.org\/es\/wp-json\/wp\/v2\/types\/page"}],"author":[{"embeddable":true,"href":"https:\/\/elarcainc.org\/es\/wp-json\/wp\/v2\/users\/1"}],"replies":[{"embeddable":true,"href":"https:\/\/elarcainc.org\/es\/wp-json\/wp\/v2\/comments?post=26"}],"version-history":[{"count":5,"href":"https:\/\/elarcainc.org\/es\/wp-json\/wp\/v2\/pages\/26\/revisions"}],"predecessor-version":[{"id":1074,"href":"https:\/\/elarcainc.org\/es\/wp-json\/wp\/v2\/pages\/26\/revisions\/1074"}],"up":[{"embeddable":true,"href":"https:\/\/elarcainc.org\/es\/wp-json\/wp\/v2\/pages\/10"}],"wp:attachment":[{"href":"https:\/\/elarcainc.org\/es\/wp-json\/wp\/v2\/media?parent=26"}],"curies":[{"name":"wp","href":"https:\/\/api.w.org\/{rel}","templated":true}]}}