{"id":22,"date":"2014-04-22T18:40:14","date_gmt":"2014-04-22T18:40:14","guid":{"rendered":"http:\/\/elarcainc.org\/?page_id=22"},"modified":"2025-08-29T12:04:21","modified_gmt":"2025-08-29T19:04:21","slug":"contact-us","status":"publish","type":"page","link":"https:\/\/elarcainc.org\/es\/contact-us\/","title":{"rendered":"Contactenos"},"content":{"rendered":"<p><!-- \/wp:post-content --><\/p>\r\n<p><!-- wp:paragraph --><\/p>\r\n<p>P\u00f3ngase en Contacto con Nosotros<\/p>\r\n<p><!-- \/wp:paragraph --><\/p>\r\n<p>&nbsp;<\/p>\r\n<p><!-- wp:paragraph --><\/p>\r\n<p>Nos encantar\u00eda <strong>SABER DE USTED!<\/strong><\/p>\r\n<p><!-- \/wp:paragraph --><\/p>\r\n<p>&nbsp;<\/p>\r\n<p><!-- wp:paragraph --><\/p>\r\n<p>Si usted tiene preguntas acerca de EL ARCA, si usted es un padre o tutor, un donante, un voluntario, o un representante de un medio de comunicaci\u00f3n, no dude en contactarnos.<\/p>\r\n<p><!-- \/wp:paragraph --><\/p>\r\n<p>&nbsp;<\/p>\r\n<p><!-- wp:paragraph --><\/p>\r\n<p>Nos encanta escuchar c\u00f3mo estamos haciendo, c\u00f3mo podemos ayudar, y en c\u00f3mo podemos ser a\u00fan mejor.<\/p>\r\n<p><!-- \/wp:paragraph --><\/p>\r\n<p>&nbsp;<\/p>\r\n<p><!-- wp:paragraph --><\/p>\r\n<p>EL ARCA<\/p>\r\n<p><!-- \/wp:paragraph --><\/p>\r\n<p>&nbsp;<\/p>\r\n<p><!-- wp:paragraph --><\/p>\r\n<p>&nbsp;<\/p>\r\n<p><!-- \/wp:paragraph --><\/p>\r\n<p>&nbsp;<\/p>\r\n<p><!-- wp:paragraph --><\/p>\r\n<p><strong>Los Angeles Campus<\/strong><\/p>\r\n<p><!-- \/wp:paragraph --><\/p>\r\n<p>&nbsp;<\/p>\r\n<p><!-- wp:paragraph --><\/p>\r\n<p>3839 Selig Pl.<\/p>\r\n<p><!-- \/wp:paragraph --><\/p>\r\n<p>&nbsp;<\/p>\r\n<p><!-- wp:paragraph --><\/p>\r\n<p>Los Angeles, CA 90031<\/p>\r\n<p><!-- \/wp:paragraph --><\/p>\r\n<p>&nbsp;<\/p>\r\n<p><!-- wp:paragraph --><\/p>\r\n<p>Tel\u00e9fono (323) 223-3079<\/p>\r\n<p><!-- \/wp:paragraph --><\/p>\r\n<p><!-- wp:paragraph --><\/p>\r\n<p><!-- \/wp:paragraph --><\/p>\r\n<p>&nbsp;<\/p>\r\n<p><!-- wp:paragraph --><\/p>\r\n<p>lunes-viernes 8:30am-5:00 pm<\/p>\r\n<p><!-- \/wp:paragraph --><\/p>\r\n<p>&nbsp;<\/p>\r\n<p><!-- wp:paragraph --><\/p>\r\n<p><a href=\"mailto:elarcainc@earthlink.net\">info@elarcainc.org<\/a><\/p>\r\n<p><!-- \/wp:paragraph --><\/p>\r\n<p>&nbsp;<\/p>\r\n<p><!-- wp:paragraph --><\/p>\r\n<p>&nbsp;<\/p>\r\n<p><!-- \/wp:paragraph --><\/p>\r\n<p>&nbsp;<\/p>\r\n<p><!-- wp:paragraph --><\/p>\r\n<p><strong>Bell Campus<\/strong><\/p>\r\n<p><!-- \/wp:paragraph --><\/p>\r\n<p>&nbsp;<\/p>\r\n<p><!-- wp:paragraph --><\/p>\r\n<p><a href=\"https:\/\/maps.google.com\/maps?z=16&amp;q=4008%2Bflorence%2Bave%2Bbell%2C%2Bcalifornia\" target=\"_blank\" rel=\"noreferrer noopener\">4008 Florence Ave Bell, California<\/a><\/p>\r\n<p><!-- \/wp:paragraph --><\/p>\r\n<p>&nbsp;<\/p>\r\n<p><!-- wp:paragraph --><\/p>\r\n<p>323-895-7896<\/p>\r\n<p><!-- \/wp:paragraph --><\/p>\r\n<p>&nbsp;<\/p>\r\n<p><!-- wp:paragraph --><\/p>\r\n<p>lunes-viernes 8:30am-4:00 pm<\/p>\r\n<p><!-- \/wp:paragraph --><\/p>\r\n<p>&nbsp;<\/p>\r\n<p><!-- wp:paragraph --><\/p>\r\n<p>&nbsp;<\/p>\r\n<p><!-- \/wp:paragraph --><\/p>\r\n<p>&nbsp;<\/p>\r\n<p><!-- wp:paragraph --><\/p>\r\n<p>Durante las horas de trabajo, por favor llame a la recepcionista de 7:00am a 4:30pm, de Lunes a Viernes.<\/p>\r\n<p><!-- \/wp:paragraph --><\/p>\r\n<p>&nbsp;<\/p>\r\n<p><!-- wp:paragraph --><\/p>\r\n<p>***** Todas las Emergencias M\u00e9dicas deben ser dirigidas a 911 *****<\/p>\r\n<!-- wp:paragraph \/-->","protected":false},"excerpt":{"rendered":"<p>P\u00f3ngase en Contacto con Nosotros &nbsp; Nos encantar\u00eda SABER DE USTED! &nbsp; Si usted tiene preguntas acerca de EL ARCA, si usted es un padre o tutor, un donante, un voluntario, o un representante de un medio de comunicaci\u00f3n, no &hellip; <a href=\"https:\/\/elarcainc.org\/es\/contact-us\/\"> Continue reading <span class=\"meta-nav\">&rarr;<\/span><\/a><\/p>\n","protected":false},"author":1,"featured_media":0,"parent":0,"menu_order":0,"comment_status":"open","ping_status":"open","template":"","meta":{"_acf_changed":false,"nf_dc_page":"","_monsterinsights_skip_tracking":false,"_monsterinsights_sitenote_active":false,"_monsterinsights_sitenote_note":"","_monsterinsights_sitenote_category":0,"footnotes":""},"class_list":["post-22","page","type-page","status-publish","hentry"],"acf":[],"_links":{"self":[{"href":"https:\/\/elarcainc.org\/es\/wp-json\/wp\/v2\/pages\/22","targetHints":{"allow":["GET"]}}],"collection":[{"href":"https:\/\/elarcainc.org\/es\/wp-json\/wp\/v2\/pages"}],"about":[{"href":"https:\/\/elarcainc.org\/es\/wp-json\/wp\/v2\/types\/page"}],"author":[{"embeddable":true,"href":"https:\/\/elarcainc.org\/es\/wp-json\/wp\/v2\/users\/1"}],"replies":[{"embeddable":true,"href":"https:\/\/elarcainc.org\/es\/wp-json\/wp\/v2\/comments?post=22"}],"version-history":[{"count":5,"href":"https:\/\/elarcainc.org\/es\/wp-json\/wp\/v2\/pages\/22\/revisions"}],"predecessor-version":[{"id":1087,"href":"https:\/\/elarcainc.org\/es\/wp-json\/wp\/v2\/pages\/22\/revisions\/1087"}],"wp:attachment":[{"href":"https:\/\/elarcainc.org\/es\/wp-json\/wp\/v2\/media?parent=22"}],"curies":[{"name":"wp","href":"https:\/\/api.w.org\/{rel}","templated":true}]}}