{"id":18,"date":"2014-04-22T18:39:53","date_gmt":"2014-04-22T18:39:53","guid":{"rendered":"http:\/\/elarcainc.org\/?page_id=18"},"modified":"2014-09-22T09:19:19","modified_gmt":"2014-09-22T16:19:19","slug":"volunteer","status":"publish","type":"page","link":"https:\/\/elarcainc.org\/es\/volunteer\/","title":{"rendered":"Ser Voluntario"},"content":{"rendered":"<p><strong>El voluntariado en EL ARCA EL ARCA<\/strong><\/p>\n<p><strong>\u00a0<\/strong><\/p>\n<p>Voluntarios en EL ARCA<\/p>\n<p>Como una organizaci\u00f3n sin \u00e1nimo de lucro, EL ARCA depende de la generosidad de nuestra comunidad. Si usted no puede hacer una donaci\u00f3n en l\u00ednea, el tiempo es tan apreciado.<\/p>\n<p>La posici\u00f3n (s) que tenemos en la actualidad son: Ayudante de professor<\/p>\n<p>Descripci\u00f3n:<\/p>\n<p>Nuestro Centro para el desarrollo de adultos, apoyo de los adultos, y Adultos Centro de Atenci\u00f3n de Salud tienen muchas oportunidades para aquellos que quieran dar a nuestra poblaci\u00f3n con discapacidades. Los voluntarios pueden ayudar a las salidas de la comunidad de la clase y ense\u00f1anza de computaci\u00f3n, habilidades sociales y de ocio, el arte y la artesan\u00eda, y la danza y la m\u00fasica.<\/p>\n<p><strong>\u00a0<\/strong><\/p>\n<p><strong>Horario para Voluntarios:<\/strong><\/p>\n<p>\u2022 Lunes a Viernes 9 a.m. a 3 p.m. (cuando los estudiantes est\u00e1n en la sesi\u00f3n)<\/p>\n<p><strong>Habilidades requeridas: <\/strong><\/p>\n<p>Los voluntarios deben ser capaces y estar dispuestos a estar en sus pies unas horas a tiempo.<\/p>\n<p>\u2022 Los voluntarios debe ser de 15 o m\u00e1s a\u00f1os de edad.<\/p>\n<p>\u2022 Las huellas digitales y la documentaci\u00f3n de prueba de tuberculosis son necesarios para los voluntarios.<\/p>\n<p>\u2022 Voluntarios biling\u00fces est\u00e1n en gran demanda, aunque esto no es un requisito.<\/p>\n<p>Donde:<\/p>\n<p>EL ARCA<\/p>\n<p>3839 Selig Place<\/p>\n<p>Los Angeles, CA 90031<\/p>\n<p>Por favor, env\u00edanos un email con tu informaci\u00f3n de contacto para aplicar.<\/p>\n<p><strong>\u00a0<\/strong><\/p>","protected":false},"excerpt":{"rendered":"<p>El voluntariado en EL ARCA EL ARCA \u00a0 Voluntarios en EL ARCA Como una organizaci\u00f3n sin \u00e1nimo de lucro, EL ARCA depende de la generosidad de nuestra comunidad. Si usted no puede hacer una donaci\u00f3n en l\u00ednea, el tiempo es &hellip; <a href=\"https:\/\/elarcainc.org\/es\/volunteer\/\"> Continue reading <span class=\"meta-nav\">&rarr;<\/span><\/a><\/p>\n","protected":false},"author":1,"featured_media":0,"parent":0,"menu_order":0,"comment_status":"open","ping_status":"open","template":"","meta":{"_acf_changed":false,"nf_dc_page":"","_monsterinsights_skip_tracking":false,"_monsterinsights_sitenote_active":false,"_monsterinsights_sitenote_note":"","_monsterinsights_sitenote_category":0,"footnotes":""},"class_list":["post-18","page","type-page","status-publish","hentry"],"acf":[],"_links":{"self":[{"href":"https:\/\/elarcainc.org\/es\/wp-json\/wp\/v2\/pages\/18","targetHints":{"allow":["GET"]}}],"collection":[{"href":"https:\/\/elarcainc.org\/es\/wp-json\/wp\/v2\/pages"}],"about":[{"href":"https:\/\/elarcainc.org\/es\/wp-json\/wp\/v2\/types\/page"}],"author":[{"embeddable":true,"href":"https:\/\/elarcainc.org\/es\/wp-json\/wp\/v2\/users\/1"}],"replies":[{"embeddable":true,"href":"https:\/\/elarcainc.org\/es\/wp-json\/wp\/v2\/comments?post=18"}],"version-history":[{"count":12,"href":"https:\/\/elarcainc.org\/es\/wp-json\/wp\/v2\/pages\/18\/revisions"}],"predecessor-version":[{"id":895,"href":"https:\/\/elarcainc.org\/es\/wp-json\/wp\/v2\/pages\/18\/revisions\/895"}],"wp:attachment":[{"href":"https:\/\/elarcainc.org\/es\/wp-json\/wp\/v2\/media?parent=18"}],"curies":[{"name":"wp","href":"https:\/\/api.w.org\/{rel}","templated":true}]}}