{"id":16,"date":"2014-04-22T18:39:41","date_gmt":"2014-04-22T18:39:41","guid":{"rendered":"http:\/\/elarcainc.org\/?page_id=16"},"modified":"2024-07-02T17:08:13","modified_gmt":"2024-07-03T00:08:13","slug":"in-kind-donations","status":"publish","type":"page","link":"https:\/\/elarcainc.org\/es\/in-kind-donations\/","title":{"rendered":"Donaciones en Especie"},"content":{"rendered":"<p><strong>Donaciones en Especie<\/strong><\/p>\n<p>En el Arca, sabemos que todos los tipos de generosidad son notables. Agradecemos todo el apoyo que nos puedan dar, y cualquier obsequios que nos pueden ayudar en nuestra mission son vienvenidos. Si desea donar alguno de los siguientes articulos o decea preguntar sobre la donaci\u00f3n en especie, por favor no dude en ponerse en contacto con nosotros. Gracias por todo su apoyo.<\/p>\n<p>Posibles donaciones en especie que ayudarian a EL ARCA:<\/p>\n<ul>\n<li>Computadoras y despositivos de tecnologia<\/li>\n<li>Equipos de terapia f\u00edsica<\/li>\n<li>Equipo de gimnasio y entrenamiento fisico<\/li>\n<li>Suministros de mantenimiento de las instalaciones<\/li>\n<li>Muebles de oficina y mobiliarios<\/li>\n<li>Ropa<\/li>\n<li>DVD y Blu-ray<\/li>\n<\/ul>\n<p>Los electrodom\u00e9sticos que no podamos utilizar para nuestros programas ser\u00e1n vendidos en la tienda de segunda de EL ARCA con el fin de proporcionar a nuestra comunidad con las comidas, el transporte y los servicios esenciales.<\/p>\n<p>P\u00f3ngase en contacto con Olga Mart\u00ednez o Angela Rivera al 323-223-3079 o env\u00edenos un correo electr\u00f3nico para saber cuando y donde puede hacer donaciones en especie.<\/p>","protected":false},"excerpt":{"rendered":"<p>Donaciones en Especie En el Arca, sabemos que todos los tipos de generosidad son notables. Agradecemos todo el apoyo que nos puedan dar, y cualquier obsequios que nos pueden ayudar en nuestra mission son vienvenidos. Si desea donar alguno de &hellip; <a href=\"https:\/\/elarcainc.org\/es\/in-kind-donations\/\"> Continue reading <span class=\"meta-nav\">&rarr;<\/span><\/a><\/p>\n","protected":false},"author":1,"featured_media":0,"parent":0,"menu_order":0,"comment_status":"open","ping_status":"open","template":"","meta":{"_acf_changed":false,"nf_dc_page":"","_monsterinsights_skip_tracking":false,"_monsterinsights_sitenote_active":false,"_monsterinsights_sitenote_note":"","_monsterinsights_sitenote_category":0,"footnotes":""},"class_list":["post-16","page","type-page","status-publish","hentry"],"acf":[],"_links":{"self":[{"href":"https:\/\/elarcainc.org\/es\/wp-json\/wp\/v2\/pages\/16","targetHints":{"allow":["GET"]}}],"collection":[{"href":"https:\/\/elarcainc.org\/es\/wp-json\/wp\/v2\/pages"}],"about":[{"href":"https:\/\/elarcainc.org\/es\/wp-json\/wp\/v2\/types\/page"}],"author":[{"embeddable":true,"href":"https:\/\/elarcainc.org\/es\/wp-json\/wp\/v2\/users\/1"}],"replies":[{"embeddable":true,"href":"https:\/\/elarcainc.org\/es\/wp-json\/wp\/v2\/comments?post=16"}],"version-history":[{"count":5,"href":"https:\/\/elarcainc.org\/es\/wp-json\/wp\/v2\/pages\/16\/revisions"}],"predecessor-version":[{"id":1076,"href":"https:\/\/elarcainc.org\/es\/wp-json\/wp\/v2\/pages\/16\/revisions\/1076"}],"wp:attachment":[{"href":"https:\/\/elarcainc.org\/es\/wp-json\/wp\/v2\/media?parent=16"}],"curies":[{"name":"wp","href":"https:\/\/api.w.org\/{rel}","templated":true}]}}