{"id":14,"date":"2014-04-22T18:39:27","date_gmt":"2014-04-22T18:39:27","guid":{"rendered":"http:\/\/elarcainc.org\/?page_id=14"},"modified":"2024-07-02T17:09:18","modified_gmt":"2024-07-03T00:09:18","slug":"for-parents","status":"publish","type":"page","link":"https:\/\/elarcainc.org\/es\/for-parents\/","title":{"rendered":"Para los Padres"},"content":{"rendered":"<p>EL ARCA est\u00e1 aqu\u00ed para las familias afectadas por discapacidades de desarrollo. Mediante el uso de la informaci\u00f3n contenida en esta secci\u00f3n, los estudiantes y los miembros de la familia puedan aprender lo que es necesario antes de la reuni\u00f3n con un representante EL ARCA.<\/p>\n<p>En EL ARCA, sabemos que el cuidado de un miembro de la familia con discapacidades del desarrollo puede ser abrumadora. Estamos aqu\u00ed para ayudarle.<\/p>","protected":false},"excerpt":{"rendered":"<p>EL ARCA est\u00e1 aqu\u00ed para las familias afectadas por discapacidades de desarrollo. Mediante el uso de la informaci\u00f3n contenida en esta secci\u00f3n, los estudiantes y los miembros de la familia puedan aprender lo que es necesario antes de la reuni\u00f3n &hellip; <a href=\"https:\/\/elarcainc.org\/es\/for-parents\/\"> Continue reading <span class=\"meta-nav\">&rarr;<\/span><\/a><\/p>\n","protected":false},"author":1,"featured_media":0,"parent":0,"menu_order":0,"comment_status":"open","ping_status":"open","template":"","meta":{"_acf_changed":false,"nf_dc_page":"","_monsterinsights_skip_tracking":false,"_monsterinsights_sitenote_active":false,"_monsterinsights_sitenote_note":"","_monsterinsights_sitenote_category":0,"footnotes":""},"class_list":["post-14","page","type-page","status-publish","hentry"],"acf":[],"_links":{"self":[{"href":"https:\/\/elarcainc.org\/es\/wp-json\/wp\/v2\/pages\/14","targetHints":{"allow":["GET"]}}],"collection":[{"href":"https:\/\/elarcainc.org\/es\/wp-json\/wp\/v2\/pages"}],"about":[{"href":"https:\/\/elarcainc.org\/es\/wp-json\/wp\/v2\/types\/page"}],"author":[{"embeddable":true,"href":"https:\/\/elarcainc.org\/es\/wp-json\/wp\/v2\/users\/1"}],"replies":[{"embeddable":true,"href":"https:\/\/elarcainc.org\/es\/wp-json\/wp\/v2\/comments?post=14"}],"version-history":[{"count":5,"href":"https:\/\/elarcainc.org\/es\/wp-json\/wp\/v2\/pages\/14\/revisions"}],"predecessor-version":[{"id":1077,"href":"https:\/\/elarcainc.org\/es\/wp-json\/wp\/v2\/pages\/14\/revisions\/1077"}],"wp:attachment":[{"href":"https:\/\/elarcainc.org\/es\/wp-json\/wp\/v2\/media?parent=14"}],"curies":[{"name":"wp","href":"https:\/\/api.w.org\/{rel}","templated":true}]}}