{"id":129,"date":"2014-04-30T04:34:58","date_gmt":"2014-04-30T04:34:58","guid":{"rendered":"http:\/\/elarcainc.org\/?page_id=129"},"modified":"2014-06-07T03:09:48","modified_gmt":"2014-06-07T03:09:48","slug":"services","status":"publish","type":"page","link":"https:\/\/elarcainc.org\/es\/programs\/services\/","title":{"rendered":"Servicios"},"content":{"rendered":"<p>Con el fin de facilitar y maximizar sus programas b\u00e1sicos, EL ARCA ofrece servicios clave que est\u00e1n orientados a permitir el acceso de los participantes y la prestaci\u00f3n de apoyo a las familias de los participantes. Estos servicios se han convertido indispensables para el \u00e9xito de los objetivos de\u00a0EL ARCA\u00a0y la misi\u00f3n con la gran mayor\u00eda de los participantes que dependen de ellos. En esencia, estos servicios son tan invaluable como los programas b\u00e1sicos que aportan a su alcance.<\/p>","protected":false},"excerpt":{"rendered":"<p>Con el fin de facilitar y maximizar sus programas b\u00e1sicos, EL ARCA ofrece servicios clave que est\u00e1n orientados a permitir el acceso de los participantes y la prestaci\u00f3n de apoyo a las familias de los participantes. Estos servicios se han &hellip; <a href=\"https:\/\/elarcainc.org\/es\/programs\/services\/\"> Continue reading <span class=\"meta-nav\">&rarr;<\/span><\/a><\/p>\n","protected":false},"author":1,"featured_media":0,"parent":12,"menu_order":0,"comment_status":"open","ping_status":"open","template":"","meta":{"_acf_changed":false,"nf_dc_page":"","_monsterinsights_skip_tracking":false,"_monsterinsights_sitenote_active":false,"_monsterinsights_sitenote_note":"","_monsterinsights_sitenote_category":0,"footnotes":""},"class_list":["post-129","page","type-page","status-publish","hentry"],"acf":[],"_links":{"self":[{"href":"https:\/\/elarcainc.org\/es\/wp-json\/wp\/v2\/pages\/129","targetHints":{"allow":["GET"]}}],"collection":[{"href":"https:\/\/elarcainc.org\/es\/wp-json\/wp\/v2\/pages"}],"about":[{"href":"https:\/\/elarcainc.org\/es\/wp-json\/wp\/v2\/types\/page"}],"author":[{"embeddable":true,"href":"https:\/\/elarcainc.org\/es\/wp-json\/wp\/v2\/users\/1"}],"replies":[{"embeddable":true,"href":"https:\/\/elarcainc.org\/es\/wp-json\/wp\/v2\/comments?post=129"}],"version-history":[{"count":6,"href":"https:\/\/elarcainc.org\/es\/wp-json\/wp\/v2\/pages\/129\/revisions"}],"predecessor-version":[{"id":773,"href":"https:\/\/elarcainc.org\/es\/wp-json\/wp\/v2\/pages\/129\/revisions\/773"}],"up":[{"embeddable":true,"href":"https:\/\/elarcainc.org\/es\/wp-json\/wp\/v2\/pages\/12"}],"wp:attachment":[{"href":"https:\/\/elarcainc.org\/es\/wp-json\/wp\/v2\/media?parent=129"}],"curies":[{"name":"wp","href":"https:\/\/api.w.org\/{rel}","templated":true}]}}