{"id":120,"date":"2014-04-30T04:24:57","date_gmt":"2014-04-30T04:24:57","guid":{"rendered":"http:\/\/elarcainc.org\/?page_id=120"},"modified":"2014-06-06T05:26:38","modified_gmt":"2014-06-06T05:26:38","slug":"capital-campaign","status":"publish","type":"page","link":"https:\/\/elarcainc.org\/es\/donate\/capital-campaign\/","title":{"rendered":"Campana de Capital"},"content":{"rendered":"<p><strong>Campa\u00f1a de Capital 2014<\/strong><\/p>\n<p>Las nuevas instalaciones de EL ARCA en la ciudad de Bell servir\u00e1 una necesidad cr\u00edtica, que los adultos con incapacidades en el Sureste de Los Angeles resiviran servicio integral de salud. Nuestra innovadora soluci\u00f3n de bajo costo tambi\u00e9n servir\u00e1 de modelo para otras comunidades californianas que pueden replicar estos servicios a los adultos con discapacidades de desarrollo permanente.<\/p>\n<p>En el a\u00f1o 2002, en respuesta a las solicitudes de las familias de la comunidad y la investigaci\u00f3n de nuestras propias encuestas internas, se hizo evidente que hab\u00eda una gran necesidad de una instalacion que ofreciera servicios integrales de la salud en el Sureste de los Angeles. Comenzamos el proyecto en 2005, pero experiment\u00f3 importantes retrasos debido a la recesi\u00f3n econ\u00f3mica y reducciones importantes en los contratos de nuestro govierno.<\/p>\n<p><strong>Hoy estamos orgullosos de decir que el proyecto esta finalizado un 95 %<\/strong>.\u00a0 Ahora estamos acudiendo a la comunidad para recaudar los restantes 650.000 d\u00f3lares para que la instalacion se termine en su totalidad y este operando este a\u00f1o.<\/p>\n<p>Cualquier y todas las contribuciones se agradecen sinceramente, entre ellas donaciones en especie de equipo de rehabilitaci\u00f3n, material did\u00e1ctico, material de oficina y mucho m\u00e1s. EL ARCA tambi\u00e9n quisiera expresar oficialmente a una gran contribuyente la oportunidad de agregar su o su nombre de la familia en el nombre de la nueva instalaci\u00f3n. Ser\u00eda un legado a una causa que perdurara durante generaciones.<\/p>\n<p><strong><a title=\"Donate\" href=\"http:\/\/elarcainc.org\/donate\">Done<\/a> hoy para ayudar a poner en marcha la nueva instalacion de EL ARCA en la ciudad de Bell!<\/strong><\/p>\n<p>Para obtener m\u00e1s informaci\u00f3n, p\u00f3ngase en contacto con Harold Bock, Presidente de la Junta de la \u00a0campa\u00f1a de la nueva instalacion en la ciudad de Bell. Gracias por todo su apoyo!<\/p>\n<p><span style=\"color: #000000;\">\u00a0<\/span><\/p>","protected":false},"excerpt":{"rendered":"<p>Campa\u00f1a de Capital 2014 Las nuevas instalaciones de EL ARCA en la ciudad de Bell servir\u00e1 una necesidad cr\u00edtica, que los adultos con incapacidades en el Sureste de Los Angeles resiviran servicio integral de salud. Nuestra innovadora soluci\u00f3n de bajo &hellip; <a href=\"https:\/\/elarcainc.org\/es\/donate\/capital-campaign\/\"> Continue reading <span class=\"meta-nav\">&rarr;<\/span><\/a><\/p>\n","protected":false},"author":1,"featured_media":0,"parent":24,"menu_order":0,"comment_status":"open","ping_status":"open","template":"","meta":{"_acf_changed":false,"nf_dc_page":"","_monsterinsights_skip_tracking":false,"_monsterinsights_sitenote_active":false,"_monsterinsights_sitenote_note":"","_monsterinsights_sitenote_category":0,"footnotes":""},"class_list":["post-120","page","type-page","status-publish","hentry"],"acf":[],"_links":{"self":[{"href":"https:\/\/elarcainc.org\/es\/wp-json\/wp\/v2\/pages\/120","targetHints":{"allow":["GET"]}}],"collection":[{"href":"https:\/\/elarcainc.org\/es\/wp-json\/wp\/v2\/pages"}],"about":[{"href":"https:\/\/elarcainc.org\/es\/wp-json\/wp\/v2\/types\/page"}],"author":[{"embeddable":true,"href":"https:\/\/elarcainc.org\/es\/wp-json\/wp\/v2\/users\/1"}],"replies":[{"embeddable":true,"href":"https:\/\/elarcainc.org\/es\/wp-json\/wp\/v2\/comments?post=120"}],"version-history":[{"count":8,"href":"https:\/\/elarcainc.org\/es\/wp-json\/wp\/v2\/pages\/120\/revisions"}],"predecessor-version":[{"id":727,"href":"https:\/\/elarcainc.org\/es\/wp-json\/wp\/v2\/pages\/120\/revisions\/727"}],"up":[{"embeddable":true,"href":"https:\/\/elarcainc.org\/es\/wp-json\/wp\/v2\/pages\/24"}],"wp:attachment":[{"href":"https:\/\/elarcainc.org\/es\/wp-json\/wp\/v2\/media?parent=120"}],"curies":[{"name":"wp","href":"https:\/\/api.w.org\/{rel}","templated":true}]}}