{"id":12,"date":"2014-04-22T18:38:57","date_gmt":"2014-04-22T18:38:57","guid":{"rendered":"http:\/\/elarcainc.org\/?page_id=12"},"modified":"2014-06-07T02:43:20","modified_gmt":"2014-06-07T02:43:20","slug":"programs","status":"publish","type":"page","link":"https:\/\/elarcainc.org\/es\/programs\/","title":{"rendered":"Programas"},"content":{"rendered":"<p>PROGRAMAS<\/p>\n<p>EL ARCA busca proporcionar a las personas con discapacidades del desarrollo (tales como el espectro de autismo, s\u00edndrome de Asperger, epilepsia, s\u00edndrome de Down y par\u00e1lisis cerebral) y sus familias con los programas y el apoyo que les permitan alcanzar sus niveles funcionales y cognitivas \u00f3ptimas con el fin de lograr la mayor calidad de vida posible.<\/p>\n<p>Nuestros programas incluyen:<\/p>\n<ul>\n<li>\n<div style=\"text-align: left;\">Centro deDesarrollo de Adultos<\/div>\n<\/li>\n<li>Centro de ApoyoDiurno para Adultos<\/li>\n<li>\u00a0Centro\u00a0de Servicios para AdultosBasado en la Comunidad<\/li>\n<\/ul>\n<p>Nuestros servicios incluyen:<\/p>\n<ul>\n<li>Transporte<\/li>\n<li>Educaci\u00f3n de la Familiay elGrupo de Apoyo<\/li>\n<\/ul>\n<p><\/p>","protected":false},"excerpt":{"rendered":"<p>PROGRAMAS EL ARCA busca proporcionar a las personas con discapacidades del desarrollo (tales como el espectro de autismo, s\u00edndrome de Asperger, epilepsia, s\u00edndrome de Down y par\u00e1lisis cerebral) y sus familias con los programas y el apoyo que les permitan &hellip; <a href=\"https:\/\/elarcainc.org\/es\/programs\/\"> Continue reading <span class=\"meta-nav\">&rarr;<\/span><\/a><\/p>\n","protected":false},"author":1,"featured_media":0,"parent":0,"menu_order":0,"comment_status":"open","ping_status":"open","template":"","meta":{"_acf_changed":false,"nf_dc_page":"","_monsterinsights_skip_tracking":false,"_monsterinsights_sitenote_active":false,"_monsterinsights_sitenote_note":"","_monsterinsights_sitenote_category":0,"footnotes":""},"class_list":["post-12","page","type-page","status-publish","hentry"],"acf":[],"_links":{"self":[{"href":"https:\/\/elarcainc.org\/es\/wp-json\/wp\/v2\/pages\/12","targetHints":{"allow":["GET"]}}],"collection":[{"href":"https:\/\/elarcainc.org\/es\/wp-json\/wp\/v2\/pages"}],"about":[{"href":"https:\/\/elarcainc.org\/es\/wp-json\/wp\/v2\/types\/page"}],"author":[{"embeddable":true,"href":"https:\/\/elarcainc.org\/es\/wp-json\/wp\/v2\/users\/1"}],"replies":[{"embeddable":true,"href":"https:\/\/elarcainc.org\/es\/wp-json\/wp\/v2\/comments?post=12"}],"version-history":[{"count":7,"href":"https:\/\/elarcainc.org\/es\/wp-json\/wp\/v2\/pages\/12\/revisions"}],"predecessor-version":[{"id":765,"href":"https:\/\/elarcainc.org\/es\/wp-json\/wp\/v2\/pages\/12\/revisions\/765"}],"wp:attachment":[{"href":"https:\/\/elarcainc.org\/es\/wp-json\/wp\/v2\/media?parent=12"}],"curies":[{"name":"wp","href":"https:\/\/api.w.org\/{rel}","templated":true}]}}