{"id":112,"date":"2014-04-30T04:15:24","date_gmt":"2014-04-30T04:15:24","guid":{"rendered":"http:\/\/elarcainc.org\/?page_id=112"},"modified":"2014-08-27T12:27:36","modified_gmt":"2014-08-27T19:27:36","slug":"transportation-department","status":"publish","type":"page","link":"https:\/\/elarcainc.org\/es\/programs\/services\/transportation-department\/","title":{"rendered":"Departamento de Transporte"},"content":{"rendered":"<p>Adem\u00e1s de nuestros programas de formaci\u00f3n , el departamento de transporte de EL ARCA es una parte esencial de lo que hacemos , y es un servicio contado con por nuestra comunidad.<\/p>\n<p>El grupo est\u00e1 compuesta por veh\u00edculos con conductores capacitados y certificados.<\/p>\n<p>Todos los veh\u00edculos de EL ARCA\u00a0son especializados para el acceso en silla de ruedas con ascensores especiales.<\/p>\n<p>Cada veh\u00edculo puede transportar de forma segura hasta 6 pasajeros en silla de ruedas , o 12 pasajeros sin silla de ruedas.<\/p>\n<p>Nuestros conductores :<\/p>\n<p style=\"text-align: left;\">\u2022 est\u00e1n certificados por el Departamento de Transporte para ayudar a las personas con discapacidades de desarrollo en una manera sensible , cari\u00f1oso<\/p>\n<p style=\"text-align: left;\">\u2022 Son requieridos que pasar una rigurosa verificaci\u00f3n de antecedentes<\/p>\n<p style=\"text-align: left;\">\u2022 deben mantener un historial de manejo limpio<\/p>\n<p style=\"text-align: left;\">\u2022 est\u00e1n sujetos a pruebas de drogas y alcohol al azar<\/p>\n<p>El Departamento de Transporte viaja por todo el condado de Los Angeles, que no s\u00f3lo ofrece viajes de ida y vuelta para las personas con problemas de movilidad , pero tambi\u00e9n tiene clientes que participant en excursiones de la comunidad.<\/p>\n<p>Estas excursiones tienen el prop\u00f3sito de mejorar el conocimiento de su comunidad circundante de los clientes y los expone a las artes culturales , tiendas y socializaci\u00f3n que todas las personas necesitan . M\u00e1s del 95 % de los participantes de EL ARCA utilizar este servicio , lo que significa que muchos no ser\u00edan capaces de asistir a muchos programas de EL ARCA sin ella.<\/p>","protected":false},"excerpt":{"rendered":"<p>Adem\u00e1s de nuestros programas de formaci\u00f3n , el departamento de transporte de EL ARCA es una parte esencial de lo que hacemos , y es un servicio contado con por nuestra comunidad. El grupo est\u00e1 compuesta por veh\u00edculos con conductores &hellip; <a href=\"https:\/\/elarcainc.org\/es\/programs\/services\/transportation-department\/\"> Continue reading <span class=\"meta-nav\">&rarr;<\/span><\/a><\/p>\n","protected":false},"author":1,"featured_media":0,"parent":129,"menu_order":0,"comment_status":"open","ping_status":"open","template":"","meta":{"_acf_changed":false,"nf_dc_page":"","_monsterinsights_skip_tracking":false,"_monsterinsights_sitenote_active":false,"_monsterinsights_sitenote_note":"","_monsterinsights_sitenote_category":0,"footnotes":""},"class_list":["post-112","page","type-page","status-publish","hentry"],"acf":[],"_links":{"self":[{"href":"https:\/\/elarcainc.org\/es\/wp-json\/wp\/v2\/pages\/112","targetHints":{"allow":["GET"]}}],"collection":[{"href":"https:\/\/elarcainc.org\/es\/wp-json\/wp\/v2\/pages"}],"about":[{"href":"https:\/\/elarcainc.org\/es\/wp-json\/wp\/v2\/types\/page"}],"author":[{"embeddable":true,"href":"https:\/\/elarcainc.org\/es\/wp-json\/wp\/v2\/users\/1"}],"replies":[{"embeddable":true,"href":"https:\/\/elarcainc.org\/es\/wp-json\/wp\/v2\/comments?post=112"}],"version-history":[{"count":5,"href":"https:\/\/elarcainc.org\/es\/wp-json\/wp\/v2\/pages\/112\/revisions"}],"predecessor-version":[{"id":886,"href":"https:\/\/elarcainc.org\/es\/wp-json\/wp\/v2\/pages\/112\/revisions\/886"}],"up":[{"embeddable":true,"href":"https:\/\/elarcainc.org\/es\/wp-json\/wp\/v2\/pages\/129"}],"wp:attachment":[{"href":"https:\/\/elarcainc.org\/es\/wp-json\/wp\/v2\/media?parent=112"}],"curies":[{"name":"wp","href":"https:\/\/api.w.org\/{rel}","templated":true}]}}