{"id":105,"date":"2014-04-30T04:07:16","date_gmt":"2014-04-30T04:07:16","guid":{"rendered":"http:\/\/elarcainc.org\/?page_id=105"},"modified":"2014-09-22T09:23:50","modified_gmt":"2014-09-22T16:23:50","slug":"community-based-adult-service-center","status":"publish","type":"page","link":"https:\/\/elarcainc.org\/es\/programs\/community-based-adult-service-center\/","title":{"rendered":"Servicio Comunitario para Adultos"},"content":{"rendered":"<p><span id=\"result_box\" lang=\"es\"><span title=\"EL ARCA's Community-Based Adult Services (CBAS) is a day program providing a variety of health, therapeutic and social services designed to serve the specialized needs of the developmentally disabled and the frail elderly.\"><strong>Servicios para adultos basados \u200b\u200ben la comunidad (CBAS)<\/strong> <\/span><\/span><\/p>\n<p><span id=\"result_box\" lang=\"es\"><span title=\"EL ARCA's Community-Based Adult Services (CBAS) is a day program providing a variety of health, therapeutic and social services designed to serve the specialized needs of the developmentally disabled and the frail elderly.\">es un programa de d\u00eda que proporciona ayda de salud, terapia y los servicios sociales destinados a atender las necesidades espec\u00edficas de personas con\u00a0discapacidad del desarrollo y los ancianos fr\u00e1giles. <\/span><span title=\"This medical component of our program offerings is vital to the success of those requiring more physical assistance. \">Este componente m\u00e9dico de nuestras ofertas de programas es vital para el \u00e9xito de los que requieren m\u00e1s asistencia f\u00edsica.<\/span><\/span><\/p>\n<p><span title=\"The primary objective of the program is to: \">El objetivo principal del programa es:<br \/>\n<\/span><span title=\"\u25feRestore and\/or maintain optimal capacity for self-care \">\u25fe Restaurar y \/ o mantener la capacidad \u00f3ptima para el autocuidado<br \/>\n<\/span><span title=\"\u25feDelay or prevent unneeded institutionalization. \">\u25fe retrasar o prevenir la institucionalizaci\u00f3n innecesaria.<\/span><\/p>\n<p><span title=\"The program stresses partnerships with the student, family, physician and the community towards maintaining personal independence. \">El programa hace hincapi\u00e9 en las alianzas con el estudiante, la familia, el m\u00e9dico y la comunidad hacia el mantenimiento de la autonom\u00eda personal.<\/span><\/p>\n<p><span title=\"Highly skilled support professionals assist with: \">Los profesionales de soporte altamente cualificados ayudan con:<br \/>\n<\/span><\/p>\n<p><span title=\"\u25feMedical assessments\u25feThe first stage of the nursing process, in which a thorough check of the patient's needs and potential is made. \">\u25fe<\/span><span title=\"\u25feMedical assessments\u25feThe first stage of the nursing process, in which a thorough check of the patient's needs and potential is made. \"> evaluaciones m\u00e9dicas <\/span><\/p>\n<p><span title=\"\u25feMedical assessments\u25feThe first stage of the nursing process, in which a thorough check of the patient's needs and potential is made. \">La primera etapa del proceso de enfermer\u00eda, en la que se realiza un control minucioso de las necesidades y el potencial del paciente.<\/span><\/p>\n<p><span title=\"\u25feNursing care\u25feThe daily goal for our nurses is to monitor progress and make changes as needed. \">\u25fe\u00a0 El cuidado de enfermer\u00eda <\/span><\/p>\n<p><span title=\"\u25feNursing care\u25feThe daily goal for our nurses is to monitor progress and make changes as needed. \">La meta diaria para nuestras enfermeras es para monitorear el progreso y hacer los cambios necesarios.<\/span><\/p>\n<p><span title=\"\u25fePhysical and occupational therapies\u25fePhysical therapy is where the real work comes in terms of promoting mobility and functional ability.\">\u25fe Fisioterapia terapias f\u00edsicas y ocupacionales <\/span><\/p>\n<p><span title=\"\u25fePhysical and occupational therapies\u25fePhysical therapy is where the real work comes in terms of promoting mobility and functional ability.\">es donde el verdadero trabajo viene en t\u00e9rminos de promoci\u00f3n de la movilidad y la capacidad funcional. <\/span><span title=\"From there occupational therapists address physical as well as cognitive needs while working to adapt one's environment, including educating the family, in order to improve daily performance. \">Desde all\u00ed los terapeutas ocupacionales direcci\u00f3n f\u00edsica as\u00ed como las necesidades cognitivas mientras se trabaja para adaptar su entorno, incluyendo la educaci\u00f3n de la familia, con el fin de mejorar el rendimiento diario.<\/span><\/p>\n<p><span title=\"\u25feSpeech therapy\u25feSpeech -language pathologists treat communication and swallowing disorders, which may include the use of prosthetic devices. \">\u25fe\u00a0 La terapia del habla <\/span><\/p>\n<p><span title=\"\u25feSpeech therapy\u25feSpeech -language pathologists treat communication and swallowing disorders, which may include the use of prosthetic devices. \">pat\u00f3logos del habla-lenguaje tratar la comunicaci\u00f3n y trastornos, que pueden incluir el uso de pr\u00f3tesis para tragar.<\/span><\/p>\n<p><span title=\"\u25feCognitive therapy\u25feOccupational therapists use cognitive therapy to help clients care for themselves by building routines, working on money managements and improving social and coping skills. \">\u25fe\u00a0 La terapia cognitiva <\/span><\/p>\n<p><span title=\"\u25feCognitive therapy\u25feOccupational therapists use cognitive therapy to help clients care for themselves by building routines, working on money managements and improving social and coping skills. \">terapeutas ocupacionales utilizan la terapia cognitiva para ayudar a los clientes se preocupan por s\u00ed mismos mediante la construcci\u00f3n de rutinas, trabajando en gestiones de dinero y la mejora social y las habilidades de afrontamiento.<\/span><\/p>\n<p><span title=\"\u25feBehavior planning\u25feThis helps clients choose behaviors that are productive and socially acceptable by using functional assessments that look at stimulus, organism, response and consequences. \">\u25fe planificaci\u00f3n de Comportamiento <\/span><\/p>\n<p><span title=\"\u25feBehavior planning\u25feThis helps clients choose behaviors that are productive and socially acceptable by using functional assessments that look at stimulus, organism, response and consequences. \">Esto ayuda a los clientes a elegir las conductas que sean productivos y socialmente aceptable mediante evaluaciones funcionales que se ven en el est\u00edmulo, organismo, respuesta y consecuencias.<\/span><\/p>\n<p><span title=\"\u25feSocial\/psychological services\u25feSocial workers provide counseling and guidance to facilitate maximum function and coping capacity. \">\u25fe servicios sociales \/ psicol\u00f3gicos <\/span><\/p>\n<p><span title=\"\u25feSocial\/psychological services\u25feSocial workers provide counseling and guidance to facilitate maximum function and coping capacity. \">\u25fe trabajadores sociales proporcionan asesoramiento y orientaci\u00f3n para facilitar al m\u00e1ximo la funci\u00f3n y la capacidad de afrontamiento.<\/span><\/p>\n<p><span title=\"\u25feRecreational and social services\u25feTherapeutic activities like art, music and games enhance clients' social, physical and cognitive functioning. \">\u25fe Servicios recreativos y sociales <\/span><\/p>\n<p><span title=\"\u25feRecreational and social services\u25feTherapeutic activities like art, music and games enhance clients' social, physical and cognitive functioning. \">\u25fe actividades terap\u00e9uticas, como el arte, la m\u00fasica y los juegos mejoran el funcionamiento social, f\u00edsico y cognitivo de los clientes.<\/span><\/p>\n<p><span title=\"\u25feCognitive re-training\u25feFor those with Alzheimer's or similar conditions, this method allows for optimal independence while emphasizing dignity and respect \">\u25fe\u00a0 Reentrenamiento cognitivo\u00a0<\/span><\/p>\n<p><span title=\"\u25feCognitive re-training\u25feFor those with Alzheimer's or similar conditions, this method allows for optimal independence while emphasizing dignity and respect \">Para los que tienen la enfermedad de Alzheimer u otra enfermedad similar, este m\u00e9todo permite la independencia \u00f3ptima al tiempo que subraya la dignidad y el respeto<\/span><\/p>\n<p><span title=\"\u25feFamily counseling and support groups \">\u25fe asesoramiento familiar y grupos de apoyo<br \/>\n<\/span><span title=\"\u25feFree transportation to and from the center \">\u25fe transporte gratuito desde y hacia el centro<br \/>\n<\/span><span title=\"\u25feMeals and nutrition counseling. \">\u25fe Comidas y asesoramiento nutricional.<\/span><\/p>\n<p><span title=\"Each participant is evaluated to create an individualized plan of care based on his or her needs.\">Cada participante es evaluado para crear un plan individualizado de atenci\u00f3n basado en sus necesidades. <\/span><span title=\"The multi-disciplinary team then makes the recommendation to provide appropriate services from the above.\">El equipo multidisciplinario luego hace la recomendaci\u00f3n de proporcionar servicios adecuados de lo anterior. <\/span><span title=\"EL ARCA hopes to one day extend the services of CBAS to the general senior population, even if they're not developmentally disabled.\">EL ARCA espera un d\u00eda extender los servicios de CBAS a la poblaci\u00f3n de adultos mayores en general, incluso si no son una discapacidad del desarrollo.<\/span><\/p>\n<div id=\"gt-edit\" style=\"display: none;\">\n<div style=\"width: 100%;\">\n<p><textarea id=\"contribute-target\" class=\"goog-textarea\" dir=\"ltr\" style=\"height: auto; padding-right: 20px; -ms-overflow-x: auto; -ms-overflow-y: hidden; box-sizing: border-box;\" tabindex=\"0\" spellcheck=\"false\" name=\"edit-text\" rows=\"1\" wrap=\"SOFT\">&lt;\/p&gt;<br \/>\n<\/textarea><\/p>\n<\/div>\n<\/div>\n<p><\/p>","protected":false},"excerpt":{"rendered":"<p>Servicios para adultos basados \u200b\u200ben la comunidad (CBAS) es un programa de d\u00eda que proporciona ayda de salud, terapia y los servicios sociales destinados a atender las necesidades espec\u00edficas de personas con\u00a0discapacidad del desarrollo y los ancianos fr\u00e1giles. Este componente &hellip; <a href=\"https:\/\/elarcainc.org\/es\/programs\/community-based-adult-service-center\/\"> Continue reading <span class=\"meta-nav\">&rarr;<\/span><\/a><\/p>\n","protected":false},"author":1,"featured_media":624,"parent":12,"menu_order":0,"comment_status":"open","ping_status":"open","template":"","meta":{"_acf_changed":false,"nf_dc_page":"","_monsterinsights_skip_tracking":false,"_monsterinsights_sitenote_active":false,"_monsterinsights_sitenote_note":"","_monsterinsights_sitenote_category":0,"footnotes":""},"class_list":["post-105","page","type-page","status-publish","has-post-thumbnail","hentry"],"acf":[],"_links":{"self":[{"href":"https:\/\/elarcainc.org\/es\/wp-json\/wp\/v2\/pages\/105","targetHints":{"allow":["GET"]}}],"collection":[{"href":"https:\/\/elarcainc.org\/es\/wp-json\/wp\/v2\/pages"}],"about":[{"href":"https:\/\/elarcainc.org\/es\/wp-json\/wp\/v2\/types\/page"}],"author":[{"embeddable":true,"href":"https:\/\/elarcainc.org\/es\/wp-json\/wp\/v2\/users\/1"}],"replies":[{"embeddable":true,"href":"https:\/\/elarcainc.org\/es\/wp-json\/wp\/v2\/comments?post=105"}],"version-history":[{"count":13,"href":"https:\/\/elarcainc.org\/es\/wp-json\/wp\/v2\/pages\/105\/revisions"}],"predecessor-version":[{"id":898,"href":"https:\/\/elarcainc.org\/es\/wp-json\/wp\/v2\/pages\/105\/revisions\/898"}],"up":[{"embeddable":true,"href":"https:\/\/elarcainc.org\/es\/wp-json\/wp\/v2\/pages\/12"}],"wp:featuredmedia":[{"embeddable":true,"href":"https:\/\/elarcainc.org\/es\/wp-json\/wp\/v2\/media\/624"}],"wp:attachment":[{"href":"https:\/\/elarcainc.org\/es\/wp-json\/wp\/v2\/media?parent=105"}],"curies":[{"name":"wp","href":"https:\/\/api.w.org\/{rel}","templated":true}]}}