{"id":103,"date":"2014-04-30T03:58:55","date_gmt":"2014-04-30T03:58:55","guid":{"rendered":"http:\/\/elarcainc.org\/?page_id=103"},"modified":"2014-06-13T20:02:12","modified_gmt":"2014-06-14T03:02:12","slug":"adult-development-center","status":"publish","type":"page","link":"https:\/\/elarcainc.org\/es\/programs\/adult-development-center\/","title":{"rendered":"Centro de Desarollo de Adultos"},"content":{"rendered":"<p>El Centro de Desarrollo de Adultos (ADC) ofrece capacitaci\u00f3n para la vida b\u00e1sica de los adultos con asma leve a moderada discapacidad intelectual y del desarrollo, incluyendo la socializaci\u00f3n, la educaci\u00f3n especial, desarrollo motor, la integraci\u00f3n comunitaria, la capacitaci\u00f3n pre-vocacional, recreaci\u00f3n y habilidades de ocio.<\/p>\n<p>Las principales habilidades que son el centro del programa de ADC son:<\/p>\n<p>\u2022 Aseo propio<\/p>\n<p>\u2022 Habilidades de movilidad<\/p>\n<p>\u2022 Conceptos de seguridad<\/p>\n<p>\u2022 acad\u00e9micos b\u00e1sicos<\/p>\n<p>\u2022 Habilidades de identificaci\u00f3n personal<\/p>\n<p>\u2022 Las habilidades motoras finas<\/p>\n<p>\u2022 La atenci\u00f3n y la finalizaci\u00f3n de la tarea<\/p>\n<p>\u2022 las competencias profesionales b\u00e1sicas<\/p>","protected":false},"excerpt":{"rendered":"<p>El Centro de Desarrollo de Adultos (ADC) ofrece capacitaci\u00f3n para la vida b\u00e1sica de los adultos con asma leve a moderada discapacidad intelectual y del desarrollo, incluyendo la socializaci\u00f3n, la educaci\u00f3n especial, desarrollo motor, la integraci\u00f3n comunitaria, la capacitaci\u00f3n pre-vocacional, &hellip; <a href=\"https:\/\/elarcainc.org\/es\/programs\/adult-development-center\/\"> Continue reading <span class=\"meta-nav\">&rarr;<\/span><\/a><\/p>\n","protected":false},"author":1,"featured_media":0,"parent":12,"menu_order":0,"comment_status":"open","ping_status":"open","template":"","meta":{"_acf_changed":false,"nf_dc_page":"","_monsterinsights_skip_tracking":false,"_monsterinsights_sitenote_active":false,"_monsterinsights_sitenote_note":"","_monsterinsights_sitenote_category":0,"footnotes":""},"class_list":["post-103","page","type-page","status-publish","hentry"],"acf":[],"_links":{"self":[{"href":"https:\/\/elarcainc.org\/es\/wp-json\/wp\/v2\/pages\/103","targetHints":{"allow":["GET"]}}],"collection":[{"href":"https:\/\/elarcainc.org\/es\/wp-json\/wp\/v2\/pages"}],"about":[{"href":"https:\/\/elarcainc.org\/es\/wp-json\/wp\/v2\/types\/page"}],"author":[{"embeddable":true,"href":"https:\/\/elarcainc.org\/es\/wp-json\/wp\/v2\/users\/1"}],"replies":[{"embeddable":true,"href":"https:\/\/elarcainc.org\/es\/wp-json\/wp\/v2\/comments?post=103"}],"version-history":[{"count":5,"href":"https:\/\/elarcainc.org\/es\/wp-json\/wp\/v2\/pages\/103\/revisions"}],"predecessor-version":[{"id":831,"href":"https:\/\/elarcainc.org\/es\/wp-json\/wp\/v2\/pages\/103\/revisions\/831"}],"up":[{"embeddable":true,"href":"https:\/\/elarcainc.org\/es\/wp-json\/wp\/v2\/pages\/12"}],"wp:attachment":[{"href":"https:\/\/elarcainc.org\/es\/wp-json\/wp\/v2\/media?parent=103"}],"curies":[{"name":"wp","href":"https:\/\/api.w.org\/{rel}","templated":true}]}}