{"id":10,"date":"2014-04-22T18:38:45","date_gmt":"2014-04-22T18:38:45","guid":{"rendered":"http:\/\/elarcainc.org\/?page_id=10"},"modified":"2025-08-29T11:59:23","modified_gmt":"2025-08-29T18:59:23","slug":"about-us","status":"publish","type":"page","link":"https:\/\/elarcainc.org\/es\/about-us\/","title":{"rendered":"Acera de Nosotros"},"content":{"rendered":"<p><\/p>\n<h2>Nuestra Historia<\/h2>\n<p>Durante los \u00faltimos 50 a\u00f1os, EL ARCA se ha establecido como una organizaci\u00f3n \u00a0la cual la comunidad de personas con discapacidades del desarrollo han llegado a considerar como su apoyo, esperanza, fuerza y \u200b\u200bun hogar lejos de casa. Sus or\u00edgenes populares crecieron de un grupo modesto cuya misi\u00f3n era mejorar la calidad de vida de sus hijos. Este esp\u00edritu, alimentado por el apoyo de la comunidad y la financiaci\u00f3n, ha tomado EL ARCA a trav\u00e9s de las etapas cruciales de crecimiento. Progreso positivo contin\u00faa en la actualidad, pero s\u00f3lo se har\u00e1 realidad con el apoyo de la comunidad y la financiaci\u00f3n, ahora m\u00e1s que nunca.<\/p>\n<p><strong>\u2013 1965<\/strong><\/p>\n<p>Un peque\u00f1o grupo de madres de origen mexicano con ni\u00f1os con discapacidades de desarrollo se unieron con la esperanza de lograr un cambio. En ese momento no hab\u00eda servicios disponibles para los ni\u00f1os con necesidades especiales, como los suyos, y los gobiernos locales y estatales tomaron muy poco inter\u00e9s en ayudar. El grupo original inclu\u00eda una docena de padres e hijos. Al principio, el objetivo era simplemente para proporcionar actividades, como salidas recreativas y bailes. Pronto se organiz\u00f3 un campamento de verano con los padres voluntarios.<\/p>\n<p><strong>\u2013 1969<\/strong><br \/>\nLos pol\u00edticos locales, trabajadores sociales y l\u00edderes de la comunidad interesados \u200b\u200ben la causa se \u200b\u200breunieron con los miembros fundadores y EL ARCA fue incorporada como una organizaci\u00f3n privada, sin fines de lucro. Esto permiti\u00f3 el financiamiento federal y estatal que buscarla con el fin de desarrollar programas de d\u00eda, centros residenciales y, lo m\u00e1s importante de todo, un departamento de transporte. El advenimiento de transporte permiti\u00f3 a las familias, muchos de los cuales no son due\u00f1os de sus propios coches, encomendar EL ARCA con sus hijos a diario, lo que permite la asistencia regular a los programas que han demostrado para mejorar las habilidades de uno si la asistencia es regular<\/p>\n<p><strong>\u2013 1978<\/strong><\/p>\n<p>Con la ayuda de subsidios federales y de la ciudad, el Centro de Usos M\u00faltiples, fue construido en la secci\u00f3n de Lincoln Heights del Este de Los \u00c1ngeles. El edificio fue dise\u00f1ado espec\u00edficamente para el prop\u00f3sito de proveer servicios para los ni\u00f1os de EL ARCA.<\/p>\n<p><strong>\u2013 1986<\/strong><br \/>\nEl Centro de Cuidado Diurno para Adultos (referido como el Centro de Servicios para Adultos Basado en la Comunidad desde 2012) fue un cambio de juego para EL ARCA. Muchos en nuestra comunidad requieren tratamiento y seguimiento m\u00e9dico. Con nuestro personal en el lugar de las enfermeras y los trabajadores sociales, CBAS es capaz de proporcionar servicios terap\u00e9uticos, educativos y de ocio, como la vigilancia m\u00e9dica para tratar y prevenir las convulsiones, hipo\/hiperglucemia, paros cardiacos, asfixia, marcha inestable, etc, junto con terapias f\u00edsicas y ocupacionales que son vitales para la obtenci\u00f3n de la independencia o el mantenimiento de la funci\u00f3n actual.<\/p>\n<p><strong>\u2013 1998<\/strong><br \/>\nUn cambio de enfoque se produjo cuando se implementaron dos programas principales: el Centro de Desarrollo de Adultos y el Centro de Apoyo Diurno para Adultos. Con estos programas en su lugar EL ARCA fue capaz de llevar la instrucci\u00f3n diaria, recreaci\u00f3n y socializaci\u00f3n para los adultos con discapacidades de desarrollo, lo que resulta en un aumento de la vida independiente para muchos.<\/p>\n<p><strong>\u2013 2007-2009<\/strong><br \/>\nCon la crisis econ\u00f3mica, o &#8220;Gran Recesi\u00f3n&#8221; de 2007-2009 el apoyo gubernamental a programas como EL ARCA fueron v\u00edctimas del hacha del presupuesto. Durante cuarenta a\u00f1os EL ARCA pod\u00eda contar con subsidios de los contribuyentes para mantener sus puertas abiertas a todos y todas las personas con discapacidades de desarrollo en el \u00e1rea de Los \u00c1ngeles, lo que permite a sus familias m\u00e1s tiempo y libertad para mantenerse a s\u00ed mismos ya su vez traer m\u00e1s impuestos a las arcas locales y estatales.<\/p>\n<p><strong>\u2013 2013<\/strong><br \/>\nComo parte de su reconocimiento de las luchas que los padres y cuidadores de nuestra comunidad se someten, EL ARCA puso en marcha el Consejo de Liderazgo de Padres. En respuesta a las necesidades de los padres de la discapacidad del desarrollo es fundamental. El grupo de apoyo es una manera para que los padres y cuidadores para satisfacer, compartir, re\u00edr y se envalentonaron.<\/p>\n<p><strong>\u2013 2014<\/strong><br \/>\nEL ARCA puso en marcha un esfuerzo agresivo de desarrollo y mercadeo con el fin de asegurar fuentes de financiaci\u00f3n alternativas que proporcionen una cartera diversificada, sostenible y creciente de ingresos para apoyar su misi\u00f3n. Como parte de este esfuerzo un nuevo sitio web fue creado que incluy\u00f3 m\u00e1s visibilidad de las donaciones y oportunidades de voluntarismo, as\u00ed como un mayor \u00e9nfasis en extensi\u00f3n a la comunidad. Como parte de los esfuerzos de EL ARCA para extender su alcance y continuar su misi\u00f3n se abri\u00f3 una planta en la ciudad de Bell, que sirve a 250 adultos en el \u00e1rea metropolitana del sur de Los \u00c1ngeles. Este fue un gran paso para el crecimiento de la organizaci\u00f3n, y con suerte ser\u00e1 una de las muchas nuevas iniciativas en los pr\u00f3ximos a\u00f1os.<\/p>\n<p><strong>\u2013 Continuo<\/strong><br \/>\nCon la esperanza de honrar a los padres que fundaron la organizaci\u00f3n, EL ARCA se esfuerza por servir una vez m\u00e1s, el m\u00e1s joven de la poblaci\u00f3n con discapacidades del desarrollo con una instalaci\u00f3n para ni\u00f1os de cinco a\u00f1os y menores.<\/p>","protected":false},"excerpt":{"rendered":"<p>Nuestra Historia Durante los \u00faltimos 50 a\u00f1os, EL ARCA se ha establecido como una organizaci\u00f3n \u00a0la cual la comunidad de personas con discapacidades del desarrollo han llegado a considerar como su apoyo, esperanza, fuerza y \u200b\u200bun hogar lejos de casa. &hellip; <a href=\"https:\/\/elarcainc.org\/es\/about-us\/\"> Continue reading <span class=\"meta-nav\">&rarr;<\/span><\/a><\/p>\n","protected":false},"author":1,"featured_media":0,"parent":0,"menu_order":0,"comment_status":"open","ping_status":"open","template":"","meta":{"_acf_changed":false,"nf_dc_page":"","_monsterinsights_skip_tracking":false,"_monsterinsights_sitenote_active":false,"_monsterinsights_sitenote_note":"","_monsterinsights_sitenote_category":0,"footnotes":""},"class_list":["post-10","page","type-page","status-publish","hentry"],"acf":[],"_links":{"self":[{"href":"https:\/\/elarcainc.org\/es\/wp-json\/wp\/v2\/pages\/10","targetHints":{"allow":["GET"]}}],"collection":[{"href":"https:\/\/elarcainc.org\/es\/wp-json\/wp\/v2\/pages"}],"about":[{"href":"https:\/\/elarcainc.org\/es\/wp-json\/wp\/v2\/types\/page"}],"author":[{"embeddable":true,"href":"https:\/\/elarcainc.org\/es\/wp-json\/wp\/v2\/users\/1"}],"replies":[{"embeddable":true,"href":"https:\/\/elarcainc.org\/es\/wp-json\/wp\/v2\/comments?post=10"}],"version-history":[{"count":6,"href":"https:\/\/elarcainc.org\/es\/wp-json\/wp\/v2\/pages\/10\/revisions"}],"predecessor-version":[{"id":1081,"href":"https:\/\/elarcainc.org\/es\/wp-json\/wp\/v2\/pages\/10\/revisions\/1081"}],"wp:attachment":[{"href":"https:\/\/elarcainc.org\/es\/wp-json\/wp\/v2\/media?parent=10"}],"curies":[{"name":"wp","href":"https:\/\/api.w.org\/{rel}","templated":true}]}}